{"id":57,"date":"2025-05-24T09:38:53","date_gmt":"2025-05-24T07:38:53","guid":{"rendered":"http:\/\/popup-podcast.be\/index.php\/about-us\/"},"modified":"2025-05-24T23:32:07","modified_gmt":"2025-05-24T21:32:07","slug":"a-propos","status":"publish","type":"page","link":"https:\/\/popup-podcast.be\/index.php\/a-propos\/","title":{"rendered":"\u00c0 Propos"},"content":{"rendered":"\t\t<div data-elementor-type=\"wp-page\" data-elementor-id=\"57\" class=\"elementor elementor-57\">\n\t\t\t\t<div class=\"elementor-element elementor-element-5bde8194 animated-fast e-flex e-con-boxed elementor-invisible e-con e-parent\" data-id=\"5bde8194\" data-element_type=\"container\" data-settings=\"{&quot;animation&quot;:&quot;fadeIn&quot;}\">\n\t\t\t\t\t<div class=\"e-con-inner\">\n\t\t\t\t<div class=\"elementor-element elementor-element-79fa42b1 elementor-widget elementor-widget-flex-hero\" data-id=\"79fa42b1\" data-element_type=\"widget\" data-settings=\"{&quot;primary_button_shape&quot;:&quot;round&quot;,&quot;image_shape&quot;:&quot;custom&quot;,&quot;box_shape&quot;:&quot;custom&quot;,&quot;layout_preset&quot;:&quot;showcase&quot;,&quot;layout_image_position&quot;:&quot;end&quot;}\" data-widget_type=\"flex-hero.default\">\n\t\t\t\t<div class=\"elementor-widget-container\">\n\t\t\t\t\t\t\t<div class=\"has-shape-custom shape-type-box ehp-flex-hero has-layout-preset-showcase has-image-position-end\">\n\t\t\t\t\t\t<div class=\"ehp-flex-hero__overlay\"><\/div>\n\t\t\t<div class=\"ehp-flex-hero__content-container\">\n\t\t\t\t<h2 class=\"ehp-flex-hero__heading\">Notre Histoire<\/h2><h3 class=\"ehp-flex-hero__subheading\">Pop'Up est un podcast n\u00e9 d\u2019un projet \u00e9tudiant, port\u00e9 par une passion pour la musique et les m\u00e9dias.\nIl met en lumi\u00e8re la sc\u00e8ne pop belge \u00e0 travers des rencontres avec des artistes \u00e9mergents o\u00f9 chaque \u00e9pisode raconte un parcours, une voix, une \u00e9motion.<\/h3>\t\t\t<div class=\"ehp-flex-hero__ctas-container\">\n\t\t\t\t\t\t\t\t\t\t\t<\/div>\n\t\t\t\t\t<\/div>\n\t\t\t\t<div class=\"ehp-flex-hero__image-wrapper\">\n\t\t\t\t\t<div class=\"ehp-image ehp-flex-hero__image-container\">\n\t\t\t\t<img decoding=\"async\" class=\"ehp-image__img ehp-flex-hero__img has-border has-shape-custom shape-type-image\" src=\"https:\/\/popup-podcast.be\/wp-content\/uploads\/2025\/05\/Plan-de-travail-108_4-1.png\" title=\"Plan de travail 108_4\" alt=\"Plan de travail 108_4\" loading=\"lazy\" \/>\t\t\t<\/div>\n\t\t\t\t\t<\/div>\n\t\t\t\t<\/div>\n\t\t\t\t\t\t<\/div>\n\t\t\t\t<\/div>\n\t\t\t\t\t<\/div>\n\t\t\t\t<\/div>\n\t\t<div class=\"elementor-element elementor-element-2b73942e animated-fast e-flex e-con-boxed elementor-invisible e-con e-parent\" data-id=\"2b73942e\" data-element_type=\"container\" data-settings=\"{&quot;animation&quot;:&quot;fadeIn&quot;}\">\n\t\t\t\t\t<div class=\"e-con-inner\">\n\t\t\t\t<div class=\"elementor-element elementor-element-79de67a4 elementor-widget elementor-widget-heading\" data-id=\"79de67a4\" data-element_type=\"widget\" data-widget_type=\"heading.default\">\n\t\t\t\t<div class=\"elementor-widget-container\">\n\t\t\t\t\t<h2 class=\"elementor-heading-title elementor-size-default\">Une voix, celle de Ya\u00ebl <\/h2>\t\t\t\t<\/div>\n\t\t\t\t<\/div>\n\t\t\t\t\t<\/div>\n\t\t\t\t<\/div>\n\t\t<div class=\"elementor-element elementor-element-7582fd62 animated-fast e-flex e-con-boxed elementor-invisible e-con e-parent\" data-id=\"7582fd62\" data-element_type=\"container\" data-settings=\"{&quot;animation&quot;:&quot;fadeIn&quot;}\">\n\t\t\t\t\t<div class=\"e-con-inner\">\n\t\t<div class=\"elementor-element elementor-element-823f532 e-con-full e-flex e-con e-child\" data-id=\"823f532\" data-element_type=\"container\" data-settings=\"{&quot;background_background&quot;:&quot;classic&quot;}\">\n\t\t\t\t<\/div>\n\t\t<div class=\"elementor-element elementor-element-644c2f6b e-con-full e-flex e-con e-child\" data-id=\"644c2f6b\" data-element_type=\"container\">\n\t\t\t\t<div class=\"elementor-element elementor-element-466882af elementor-widget elementor-widget-heading\" data-id=\"466882af\" data-element_type=\"widget\" data-widget_type=\"heading.default\">\n\t\t\t\t<div class=\"elementor-widget-container\">\n\t\t\t\t\t<h2 class=\"elementor-heading-title elementor-size-default\">Passionn\u00e9 par les m\u00e9dias depuis toujours\n<\/h2>\t\t\t\t<\/div>\n\t\t\t\t<\/div>\n\t\t\t\t<div class=\"elementor-element elementor-element-3fceaf9f elementor-widget elementor-widget-text-editor\" data-id=\"3fceaf9f\" data-element_type=\"widget\" data-widget_type=\"text-editor.default\">\n\t\t\t\t<div class=\"elementor-widget-container\">\n\t\t\t\t\t\t\t\t\t<p class=\"\" data-start=\"1051\" data-end=\"1168\">Ya\u00ebl a grandi avec un micro en main, fascin\u00e9 par la radio et la t\u00e9l\u00e9. Avec Pop&rsquo;Up, il r\u00e9alise un r\u00eave d\u2019enfant : cr\u00e9er un espace o\u00f9 les artistes \u00e9mergents peuvent s\u2019exprimer librement, partager leur musique et raconter leur parcours en toute authenticit\u00e9.<\/p>\t\t\t\t\t\t\t\t<\/div>\n\t\t\t\t<\/div>\n\t\t\t\t<div class=\"elementor-element elementor-element-645ee6ce elementor-widget elementor-widget-heading\" data-id=\"645ee6ce\" data-element_type=\"widget\" data-widget_type=\"heading.default\">\n\t\t\t\t<div class=\"elementor-widget-container\">\n\t\t\t\t\t<h2 class=\"elementor-heading-title elementor-size-default\">Port\u00e9 par la musique<\/h2>\t\t\t\t<\/div>\n\t\t\t\t<\/div>\n\t\t\t\t<div class=\"elementor-element elementor-element-701f92bc elementor-widget elementor-widget-text-editor\" data-id=\"701f92bc\" data-element_type=\"widget\" data-widget_type=\"text-editor.default\">\n\t\t\t\t<div class=\"elementor-widget-container\">\n\t\t\t\t\t\t\t\t\t<p>La musique fait partie de son quotidien depuis toujours. Ce lien fort l\u2019am\u00e8ne naturellement \u00e0 s\u2019int\u00e9resser aux univers des artistes \u00e9mergents.<\/p>\t\t\t\t\t\t\t\t<\/div>\n\t\t\t\t<\/div>\n\t\t\t\t<div class=\"elementor-element elementor-element-5dedba6d elementor-widget elementor-widget-heading\" data-id=\"5dedba6d\" data-element_type=\"widget\" data-widget_type=\"heading.default\">\n\t\t\t\t<div class=\"elementor-widget-container\">\n\t\t\t\t\t<h2 class=\"elementor-heading-title elementor-size-default\">Une voix pour les mettre en lumi\u00e8re<\/h2>\t\t\t\t<\/div>\n\t\t\t\t<\/div>\n\t\t\t\t<div class=\"elementor-element elementor-element-49b0b5c3 elementor-widget elementor-widget-text-editor\" data-id=\"49b0b5c3\" data-element_type=\"widget\" data-widget_type=\"text-editor.default\">\n\t\t\t\t<div class=\"elementor-widget-container\">\n\t\t\t\t\t\t\t\t\t<p>Avec Pop&rsquo;Up, Ya\u00ebl tend le micro \u00e0 une nouvelle g\u00e9n\u00e9ration de talents. Il raconte leurs histoires avec bienveillance, pour les faire entendre, d\u00e9couvrir et ressentir.<\/p>\t\t\t\t\t\t\t\t<\/div>\n\t\t\t\t<\/div>\n\t\t\t\t<\/div>\n\t\t\t\t\t<\/div>\n\t\t\t\t<\/div>\n\t\t<div class=\"elementor-element elementor-element-54284042 animated-fast e-flex e-con-boxed elementor-invisible e-con e-parent\" data-id=\"54284042\" data-element_type=\"container\" data-settings=\"{&quot;animation&quot;:&quot;fadeIn&quot;}\">\n\t\t\t\t\t<div class=\"e-con-inner\">\n\t\t<div class=\"elementor-element elementor-element-2a58713e e-con-full e-flex e-con e-child\" data-id=\"2a58713e\" data-element_type=\"container\" data-settings=\"{&quot;background_background&quot;:&quot;classic&quot;}\">\n\t\t\t\t<div class=\"elementor-element elementor-element-4a6f7f67 elementor-widget__width-initial elementor-widget-mobile__width-inherit elementor-widget elementor-widget-flex-hero\" data-id=\"4a6f7f67\" data-element_type=\"widget\" data-settings=\"{&quot;primary_button_shape&quot;:&quot;round&quot;,&quot;image_shape&quot;:&quot;custom&quot;,&quot;box_shape&quot;:&quot;custom&quot;,&quot;layout_preset&quot;:&quot;storytelling&quot;}\" data-widget_type=\"flex-hero.default\">\n\t\t\t\t<div class=\"elementor-widget-container\">\n\t\t\t\t\t\t\t<div class=\"has-shape-custom shape-type-box ehp-flex-hero has-layout-preset-storytelling\">\n\t\t\t\t\t\t<div class=\"ehp-flex-hero__overlay\"><\/div>\n\t\t\t<div class=\"ehp-flex-hero__content-container\">\n\t\t\t\t<h2 class=\"ehp-flex-hero__heading\">Pourquoi Pop'Up ?<\/h2><h3 class=\"ehp-flex-hero__subheading\">Le podcast vise \u00e0 soutenir les artistes \u00e9mergents, \u00e0 valoriser la sc\u00e8ne pop belge et \u00e0 faire entendre des voix nouvelles.<br><\/h3>\t\t\t<div class=\"ehp-flex-hero__ctas-container\">\n\t\t\t\t\t\t<a class=\"has-shape-round shape-type-button ehp-button ehp-button--primary ehp-flex-hero__button ehp-flex-hero__button--primary is-type-button elementor-animation-shrink has-border\" href=\"http:\/\/popup-podcast.be\/index.php\/podcast\/\">\n\t\t\t<svg aria-hidden=\"true\" class=\"ehp-button__icon e-font-icon-svg e-fas-long-arrow-alt-right\" 0=\"ehp-flex-hero__button-icon\" viewBox=\"0 0 448 512\" xmlns=\"http:\/\/www.w3.org\/2000\/svg\"><path d=\"M313.941 216H12c-6.627 0-12 5.373-12 12v56c0 6.627 5.373 12 12 12h301.941v46.059c0 21.382 25.851 32.09 40.971 16.971l86.059-86.059c9.373-9.373 9.373-24.569 0-33.941l-86.059-86.059c-15.119-15.119-40.971-4.411-40.971 16.971V216z\"><\/path><\/svg>\t\t<span class=\"ehp-button__text ehp-flex-hero__button-text ehp-flex-hero__button-text--primary\">\n\t\t\t\u00c9couter Pop&#039;Up\t\t\t\t<\/a>\n\t\t\t\t\t\t\t\t\t<\/div>\n\t\t\t\t\t<\/div>\n\t\t\t\t<div class=\"ehp-flex-hero__image-wrapper\">\n\t\t\t\t<\/div>\n\t\t\t\t<\/div>\n\t\t\t\t\t\t<\/div>\n\t\t\t\t<\/div>\n\t\t<div class=\"elementor-element elementor-element-3b0cff6d e-con-full e-flex e-con e-child\" data-id=\"3b0cff6d\" data-element_type=\"container\">\n\t\t\t\t<div class=\"elementor-element elementor-element-6a2f8fdd elementor-icon-list--layout-traditional elementor-list-item-link-full_width elementor-widget elementor-widget-icon-list\" data-id=\"6a2f8fdd\" data-element_type=\"widget\" data-widget_type=\"icon-list.default\">\n\t\t\t\t<div class=\"elementor-widget-container\">\n\t\t\t\t\t\t\t<ul class=\"elementor-icon-list-items\">\n\t\t\t\t\t\t\t<li class=\"elementor-icon-list-item\">\n\t\t\t\t\t\t\t\t\t\t\t<span class=\"elementor-icon-list-icon\">\n\t\t\t\t\t\t\t<svg aria-hidden=\"true\" class=\"e-font-icon-svg e-fas-circle\" viewBox=\"0 0 512 512\" xmlns=\"http:\/\/www.w3.org\/2000\/svg\"><path d=\"M256 8C119 8 8 119 8 256s111 248 248 248 248-111 248-248S393 8 256 8z\"><\/path><\/svg>\t\t\t\t\t\t<\/span>\n\t\t\t\t\t\t\t\t\t\t<span class=\"elementor-icon-list-text\">Mettre en lumi\u00e8re les artistes \u00e9mergents<\/span>\n\t\t\t\t\t\t\t\t\t<\/li>\n\t\t\t\t\t\t<\/ul>\n\t\t\t\t\t\t<\/div>\n\t\t\t\t<\/div>\n\t\t\t\t<div class=\"elementor-element elementor-element-6d612532 elementor-icon-list--layout-traditional elementor-list-item-link-full_width elementor-widget elementor-widget-icon-list\" data-id=\"6d612532\" data-element_type=\"widget\" data-widget_type=\"icon-list.default\">\n\t\t\t\t<div class=\"elementor-widget-container\">\n\t\t\t\t\t\t\t<ul class=\"elementor-icon-list-items\">\n\t\t\t\t\t\t\t<li class=\"elementor-icon-list-item\">\n\t\t\t\t\t\t\t\t\t\t\t<span class=\"elementor-icon-list-icon\">\n\t\t\t\t\t\t\t<svg aria-hidden=\"true\" class=\"e-font-icon-svg e-fas-circle\" viewBox=\"0 0 512 512\" xmlns=\"http:\/\/www.w3.org\/2000\/svg\"><path d=\"M256 8C119 8 8 119 8 256s111 248 248 248 248-111 248-248S393 8 256 8z\"><\/path><\/svg>\t\t\t\t\t\t<\/span>\n\t\t\t\t\t\t\t\t\t\t<span class=\"elementor-icon-list-text\">D\u00e9couvrir la pop belge autrement<\/span>\n\t\t\t\t\t\t\t\t\t<\/li>\n\t\t\t\t\t\t<\/ul>\n\t\t\t\t\t\t<\/div>\n\t\t\t\t<\/div>\n\t\t\t\t<div class=\"elementor-element elementor-element-73655c54 elementor-align-left elementor-icon-list--layout-traditional elementor-list-item-link-full_width elementor-widget elementor-widget-icon-list\" data-id=\"73655c54\" data-element_type=\"widget\" data-widget_type=\"icon-list.default\">\n\t\t\t\t<div class=\"elementor-widget-container\">\n\t\t\t\t\t\t\t<ul class=\"elementor-icon-list-items\">\n\t\t\t\t\t\t\t<li class=\"elementor-icon-list-item\">\n\t\t\t\t\t\t\t\t\t\t\t<span class=\"elementor-icon-list-icon\">\n\t\t\t\t\t\t\t<svg aria-hidden=\"true\" class=\"e-font-icon-svg e-fas-circle\" viewBox=\"0 0 512 512\" xmlns=\"http:\/\/www.w3.org\/2000\/svg\"><path d=\"M256 8C119 8 8 119 8 256s111 248 248 248 248-111 248-248S393 8 256 8z\"><\/path><\/svg>\t\t\t\t\t\t<\/span>\n\t\t\t\t\t\t\t\t\t\t<span class=\"elementor-icon-list-text\">Cr\u00e9er du lien entre artistes et auditeurs<\/span>\n\t\t\t\t\t\t\t\t\t<\/li>\n\t\t\t\t\t\t<\/ul>\n\t\t\t\t\t\t<\/div>\n\t\t\t\t<\/div>\n\t\t\t\t<div class=\"elementor-element elementor-element-24850d49 elementor-align-left elementor-icon-list--layout-traditional elementor-list-item-link-full_width elementor-widget elementor-widget-icon-list\" data-id=\"24850d49\" data-element_type=\"widget\" data-widget_type=\"icon-list.default\">\n\t\t\t\t<div class=\"elementor-widget-container\">\n\t\t\t\t\t\t\t<ul class=\"elementor-icon-list-items\">\n\t\t\t\t\t\t\t<li class=\"elementor-icon-list-item\">\n\t\t\t\t\t\t\t\t\t\t\t<span class=\"elementor-icon-list-icon\">\n\t\t\t\t\t\t\t<svg aria-hidden=\"true\" class=\"e-font-icon-svg e-fas-circle\" viewBox=\"0 0 512 512\" xmlns=\"http:\/\/www.w3.org\/2000\/svg\"><path d=\"M256 8C119 8 8 119 8 256s111 248 248 248 248-111 248-248S393 8 256 8z\"><\/path><\/svg>\t\t\t\t\t\t<\/span>\n\t\t\t\t\t\t\t\t\t\t<span class=\"elementor-icon-list-text\"> Soutenir la sc\u00e8ne locale<\/span>\n\t\t\t\t\t\t\t\t\t<\/li>\n\t\t\t\t\t\t<\/ul>\n\t\t\t\t\t\t<\/div>\n\t\t\t\t<\/div>\n\t\t\t\t<\/div>\n\t\t\t\t<\/div>\n\t\t\t\t\t<\/div>\n\t\t\t\t<\/div>\n\t\t\t\t<\/div>\n\t\t","protected":false},"excerpt":{"rendered":"<p>Notre Histoire Pop&rsquo;Up est un podcast n\u00e9 d\u2019un projet \u00e9tudiant, port\u00e9 par une passion pour la musique et les m\u00e9dias. Il met en lumi\u00e8re la sc\u00e8ne pop belge \u00e0 travers des rencontres avec des artistes \u00e9mergents o\u00f9 chaque \u00e9pisode raconte un parcours, une voix, une \u00e9motion. Une voix, celle de Ya\u00ebl Passionn\u00e9 par les m\u00e9dias [&hellip;]<\/p>\n","protected":false},"author":1,"featured_media":0,"parent":0,"menu_order":0,"comment_status":"closed","ping_status":"closed","template":"","meta":{"_uag_custom_page_level_css":"","footnotes":""},"class_list":["post-57","page","type-page","status-publish","hentry"],"yoast_head":"<!-- This site is optimized with the Yoast SEO plugin v25.1 - https:\/\/yoast.com\/wordpress\/plugins\/seo\/ -->\n<title>\u00c0 Propos - Pop&#039;Up<\/title>\n<meta name=\"robots\" content=\"index, follow, max-snippet:-1, max-image-preview:large, max-video-preview:-1\" \/>\n<link rel=\"canonical\" href=\"https:\/\/popup-podcast.be\/index.php\/a-propos\/\" \/>\n<meta property=\"og:locale\" content=\"fr_FR\" \/>\n<meta property=\"og:type\" content=\"article\" \/>\n<meta property=\"og:title\" content=\"\u00c0 Propos - Pop&#039;Up\" \/>\n<meta property=\"og:description\" content=\"Notre Histoire Pop&rsquo;Up est un podcast n\u00e9 d\u2019un projet \u00e9tudiant, port\u00e9 par une passion pour la musique et les m\u00e9dias. Il met en lumi\u00e8re la sc\u00e8ne pop belge \u00e0 travers des rencontres avec des artistes \u00e9mergents o\u00f9 chaque \u00e9pisode raconte un parcours, une voix, une \u00e9motion. Une voix, celle de Ya\u00ebl Passionn\u00e9 par les m\u00e9dias [&hellip;]\" \/>\n<meta property=\"og:url\" content=\"https:\/\/popup-podcast.be\/index.php\/a-propos\/\" \/>\n<meta property=\"og:site_name\" content=\"Pop&#039;Up\" \/>\n<meta property=\"article:modified_time\" content=\"2025-05-24T21:32:07+00:00\" \/>\n<meta property=\"og:image\" content=\"http:\/\/popup-podcast.be\/wp-content\/uploads\/2025\/05\/Plan-de-travail-108_4-1.png\" \/>\n<meta name=\"twitter:card\" content=\"summary_large_image\" \/>\n<meta name=\"twitter:label1\" content=\"Dur\u00e9e de lecture estim\u00e9e\" \/>\n\t<meta name=\"twitter:data1\" content=\"2 minutes\" \/>\n<script type=\"application\/ld+json\" class=\"yoast-schema-graph\">{\"@context\":\"https:\/\/schema.org\",\"@graph\":[{\"@type\":\"WebPage\",\"@id\":\"https:\/\/popup-podcast.be\/index.php\/a-propos\/\",\"url\":\"https:\/\/popup-podcast.be\/index.php\/a-propos\/\",\"name\":\"\u00c0 Propos - Pop&#039;Up\",\"isPartOf\":{\"@id\":\"https:\/\/popup-podcast.be\/#website\"},\"primaryImageOfPage\":{\"@id\":\"https:\/\/popup-podcast.be\/index.php\/a-propos\/#primaryimage\"},\"image\":{\"@id\":\"https:\/\/popup-podcast.be\/index.php\/a-propos\/#primaryimage\"},\"thumbnailUrl\":\"http:\/\/popup-podcast.be\/wp-content\/uploads\/2025\/05\/Plan-de-travail-108_4-1.png\",\"datePublished\":\"2025-05-24T07:38:53+00:00\",\"dateModified\":\"2025-05-24T21:32:07+00:00\",\"breadcrumb\":{\"@id\":\"https:\/\/popup-podcast.be\/index.php\/a-propos\/#breadcrumb\"},\"inLanguage\":\"fr-FR\",\"potentialAction\":[{\"@type\":\"ReadAction\",\"target\":[\"https:\/\/popup-podcast.be\/index.php\/a-propos\/\"]}]},{\"@type\":\"ImageObject\",\"inLanguage\":\"fr-FR\",\"@id\":\"https:\/\/popup-podcast.be\/index.php\/a-propos\/#primaryimage\",\"url\":\"https:\/\/popup-podcast.be\/wp-content\/uploads\/2025\/05\/Plan-de-travail-108_4-1.png\",\"contentUrl\":\"https:\/\/popup-podcast.be\/wp-content\/uploads\/2025\/05\/Plan-de-travail-108_4-1.png\",\"width\":1080,\"height\":1080},{\"@type\":\"BreadcrumbList\",\"@id\":\"https:\/\/popup-podcast.be\/index.php\/a-propos\/#breadcrumb\",\"itemListElement\":[{\"@type\":\"ListItem\",\"position\":1,\"name\":\"Accueil\",\"item\":\"https:\/\/popup-podcast.be\/\"},{\"@type\":\"ListItem\",\"position\":2,\"name\":\"\u00c0 Propos\"}]},{\"@type\":\"WebSite\",\"@id\":\"https:\/\/popup-podcast.be\/#website\",\"url\":\"https:\/\/popup-podcast.be\/\",\"name\":\"Pop&#039;Up\",\"description\":\"Le podcast qui explore la sc\u00e8ne pop belge\",\"publisher\":{\"@id\":\"https:\/\/popup-podcast.be\/#organization\"},\"potentialAction\":[{\"@type\":\"SearchAction\",\"target\":{\"@type\":\"EntryPoint\",\"urlTemplate\":\"https:\/\/popup-podcast.be\/?s={search_term_string}\"},\"query-input\":{\"@type\":\"PropertyValueSpecification\",\"valueRequired\":true,\"valueName\":\"search_term_string\"}}],\"inLanguage\":\"fr-FR\"},{\"@type\":\"Organization\",\"@id\":\"https:\/\/popup-podcast.be\/#organization\",\"name\":\"Pop&#039;Up\",\"url\":\"https:\/\/popup-podcast.be\/\",\"logo\":{\"@type\":\"ImageObject\",\"inLanguage\":\"fr-FR\",\"@id\":\"https:\/\/popup-podcast.be\/#\/schema\/logo\/image\/\",\"url\":\"https:\/\/popup-podcast.be\/wp-content\/uploads\/2025\/05\/Plan-de-travail-108_4-1.png\",\"contentUrl\":\"https:\/\/popup-podcast.be\/wp-content\/uploads\/2025\/05\/Plan-de-travail-108_4-1.png\",\"width\":1080,\"height\":1080,\"caption\":\"Pop&#039;Up\"},\"image\":{\"@id\":\"https:\/\/popup-podcast.be\/#\/schema\/logo\/image\/\"}}]}<\/script>\n<!-- \/ Yoast SEO plugin. -->","yoast_head_json":{"title":"\u00c0 Propos - Pop&#039;Up","robots":{"index":"index","follow":"follow","max-snippet":"max-snippet:-1","max-image-preview":"max-image-preview:large","max-video-preview":"max-video-preview:-1"},"canonical":"https:\/\/popup-podcast.be\/index.php\/a-propos\/","og_locale":"fr_FR","og_type":"article","og_title":"\u00c0 Propos - Pop&#039;Up","og_description":"Notre Histoire Pop&rsquo;Up est un podcast n\u00e9 d\u2019un projet \u00e9tudiant, port\u00e9 par une passion pour la musique et les m\u00e9dias. Il met en lumi\u00e8re la sc\u00e8ne pop belge \u00e0 travers des rencontres avec des artistes \u00e9mergents o\u00f9 chaque \u00e9pisode raconte un parcours, une voix, une \u00e9motion. Une voix, celle de Ya\u00ebl Passionn\u00e9 par les m\u00e9dias [&hellip;]","og_url":"https:\/\/popup-podcast.be\/index.php\/a-propos\/","og_site_name":"Pop&#039;Up","article_modified_time":"2025-05-24T21:32:07+00:00","og_image":[{"url":"http:\/\/popup-podcast.be\/wp-content\/uploads\/2025\/05\/Plan-de-travail-108_4-1.png","type":"","width":"","height":""}],"twitter_card":"summary_large_image","twitter_misc":{"Dur\u00e9e de lecture estim\u00e9e":"2 minutes"},"schema":{"@context":"https:\/\/schema.org","@graph":[{"@type":"WebPage","@id":"https:\/\/popup-podcast.be\/index.php\/a-propos\/","url":"https:\/\/popup-podcast.be\/index.php\/a-propos\/","name":"\u00c0 Propos - Pop&#039;Up","isPartOf":{"@id":"https:\/\/popup-podcast.be\/#website"},"primaryImageOfPage":{"@id":"https:\/\/popup-podcast.be\/index.php\/a-propos\/#primaryimage"},"image":{"@id":"https:\/\/popup-podcast.be\/index.php\/a-propos\/#primaryimage"},"thumbnailUrl":"http:\/\/popup-podcast.be\/wp-content\/uploads\/2025\/05\/Plan-de-travail-108_4-1.png","datePublished":"2025-05-24T07:38:53+00:00","dateModified":"2025-05-24T21:32:07+00:00","breadcrumb":{"@id":"https:\/\/popup-podcast.be\/index.php\/a-propos\/#breadcrumb"},"inLanguage":"fr-FR","potentialAction":[{"@type":"ReadAction","target":["https:\/\/popup-podcast.be\/index.php\/a-propos\/"]}]},{"@type":"ImageObject","inLanguage":"fr-FR","@id":"https:\/\/popup-podcast.be\/index.php\/a-propos\/#primaryimage","url":"https:\/\/popup-podcast.be\/wp-content\/uploads\/2025\/05\/Plan-de-travail-108_4-1.png","contentUrl":"https:\/\/popup-podcast.be\/wp-content\/uploads\/2025\/05\/Plan-de-travail-108_4-1.png","width":1080,"height":1080},{"@type":"BreadcrumbList","@id":"https:\/\/popup-podcast.be\/index.php\/a-propos\/#breadcrumb","itemListElement":[{"@type":"ListItem","position":1,"name":"Accueil","item":"https:\/\/popup-podcast.be\/"},{"@type":"ListItem","position":2,"name":"\u00c0 Propos"}]},{"@type":"WebSite","@id":"https:\/\/popup-podcast.be\/#website","url":"https:\/\/popup-podcast.be\/","name":"Pop&#039;Up","description":"Le podcast qui explore la sc\u00e8ne pop belge","publisher":{"@id":"https:\/\/popup-podcast.be\/#organization"},"potentialAction":[{"@type":"SearchAction","target":{"@type":"EntryPoint","urlTemplate":"https:\/\/popup-podcast.be\/?s={search_term_string}"},"query-input":{"@type":"PropertyValueSpecification","valueRequired":true,"valueName":"search_term_string"}}],"inLanguage":"fr-FR"},{"@type":"Organization","@id":"https:\/\/popup-podcast.be\/#organization","name":"Pop&#039;Up","url":"https:\/\/popup-podcast.be\/","logo":{"@type":"ImageObject","inLanguage":"fr-FR","@id":"https:\/\/popup-podcast.be\/#\/schema\/logo\/image\/","url":"https:\/\/popup-podcast.be\/wp-content\/uploads\/2025\/05\/Plan-de-travail-108_4-1.png","contentUrl":"https:\/\/popup-podcast.be\/wp-content\/uploads\/2025\/05\/Plan-de-travail-108_4-1.png","width":1080,"height":1080,"caption":"Pop&#039;Up"},"image":{"@id":"https:\/\/popup-podcast.be\/#\/schema\/logo\/image\/"}}]}},"uagb_featured_image_src":{"full":false,"thumbnail":false,"medium":false,"medium_large":false,"large":false,"1536x1536":false,"2048x2048":false,"woocommerce_thumbnail":false,"woocommerce_single":false,"woocommerce_gallery_thumbnail":false},"uagb_author_info":{"display_name":"admin9021","author_link":"https:\/\/popup-podcast.be\/index.php\/author\/admin9021\/"},"uagb_comment_info":0,"uagb_excerpt":"Notre Histoire Pop&rsquo;Up est un podcast n\u00e9 d\u2019un projet \u00e9tudiant, port\u00e9 par une passion pour la musique et les m\u00e9dias. Il met en lumi\u00e8re la sc\u00e8ne pop belge \u00e0 travers des rencontres avec des artistes \u00e9mergents o\u00f9 chaque \u00e9pisode raconte un parcours, une voix, une \u00e9motion. Une voix, celle de Ya\u00ebl Passionn\u00e9 par les m\u00e9dias\u2026","_links":{"self":[{"href":"https:\/\/popup-podcast.be\/index.php\/wp-json\/wp\/v2\/pages\/57","targetHints":{"allow":["GET"]}}],"collection":[{"href":"https:\/\/popup-podcast.be\/index.php\/wp-json\/wp\/v2\/pages"}],"about":[{"href":"https:\/\/popup-podcast.be\/index.php\/wp-json\/wp\/v2\/types\/page"}],"author":[{"embeddable":true,"href":"https:\/\/popup-podcast.be\/index.php\/wp-json\/wp\/v2\/users\/1"}],"replies":[{"embeddable":true,"href":"https:\/\/popup-podcast.be\/index.php\/wp-json\/wp\/v2\/comments?post=57"}],"version-history":[{"count":62,"href":"https:\/\/popup-podcast.be\/index.php\/wp-json\/wp\/v2\/pages\/57\/revisions"}],"predecessor-version":[{"id":546,"href":"https:\/\/popup-podcast.be\/index.php\/wp-json\/wp\/v2\/pages\/57\/revisions\/546"}],"wp:attachment":[{"href":"https:\/\/popup-podcast.be\/index.php\/wp-json\/wp\/v2\/media?parent=57"}],"curies":[{"name":"wp","href":"https:\/\/api.w.org\/{rel}","templated":true}]}}