{"id":589,"date":"2025-05-25T11:38:20","date_gmt":"2025-05-25T09:38:20","guid":{"rendered":"http:\/\/popup-podcast.be\/?page_id=589"},"modified":"2025-05-28T17:47:57","modified_gmt":"2025-05-28T15:47:57","slug":"boutique","status":"publish","type":"page","link":"https:\/\/popup-podcast.be\/index.php\/boutique\/","title":{"rendered":"Boutique"},"content":{"rendered":"\t\t<div data-elementor-type=\"wp-page\" data-elementor-id=\"589\" class=\"elementor elementor-589\">\n\t\t\t\t<div class=\"elementor-element elementor-element-367947a e-flex e-con-boxed e-con e-parent\" data-id=\"367947a\" data-element_type=\"container\">\n\t\t\t\t\t<div class=\"e-con-inner\">\n\t\t<div class=\"elementor-element elementor-element-a4f94ac animated-fast e-con-full e-flex elementor-invisible e-con e-child\" data-id=\"a4f94ac\" data-element_type=\"container\" data-settings=\"{&quot;animation&quot;:&quot;fadeIn&quot;}\">\n\t\t<div class=\"elementor-element elementor-element-f52c1d7 animated-fast e-con-full e-flex elementor-invisible e-con e-child\" data-id=\"f52c1d7\" data-element_type=\"container\" data-settings=\"{&quot;animation&quot;:&quot;fadeIn&quot;}\">\n\t\t\t\t<div class=\"elementor-element elementor-element-2ae5802 elementor-widget elementor-widget-flex-hero\" data-id=\"2ae5802\" data-element_type=\"widget\" data-settings=\"{&quot;primary_button_shape&quot;:&quot;round&quot;,&quot;image_shape&quot;:&quot;custom&quot;,&quot;box_shape&quot;:&quot;custom&quot;,&quot;layout_preset&quot;:&quot;showcase&quot;,&quot;layout_image_position&quot;:&quot;end&quot;}\" data-widget_type=\"flex-hero.default\">\n\t\t\t\t<div class=\"elementor-widget-container\">\n\t\t\t\t\t\t\t<div class=\"has-shape-custom shape-type-box ehp-flex-hero has-layout-preset-showcase has-image-stretch has-image-position-end\">\n\t\t\t\t\t\t<div class=\"ehp-flex-hero__overlay\"><\/div>\n\t\t\t<div class=\"ehp-flex-hero__content-container\">\n\t\t\t\t<h2 class=\"ehp-flex-hero__heading\">Notre boutique<\/h2><h3 class=\"ehp-flex-hero__subheading\">Bienvenue dans la boutique de Pop'Up ! Vous y trouverez de jolis objets (tote bags, stickers, pins\u2026) pour soutenir le podcast et c\u00e9l\u00e9brer la sc\u00e8ne pop belge avec style.\n<\/h3>\t\t\t<div class=\"ehp-flex-hero__ctas-container\">\n\t\t\t\t\t\t\t\t\t\t\t<\/div>\n\t\t\t\t\t<\/div>\n\t\t\t\t<div class=\"ehp-flex-hero__image-wrapper\">\n\t\t\t\t\t<div class=\"ehp-image ehp-flex-hero__image-container\">\n\t\t\t\t<img decoding=\"async\" class=\"ehp-image__img ehp-flex-hero__img has-shape-custom shape-type-image\" src=\"https:\/\/popup-podcast.be\/wp-content\/uploads\/2025\/05\/ddd.png\" title=\"ddd\" alt=\"ddd\" loading=\"lazy\" \/>\t\t\t<\/div>\n\t\t\t\t\t<\/div>\n\t\t\t\t<\/div>\n\t\t\t\t\t\t<\/div>\n\t\t\t\t<\/div>\n\t\t\t\t<div class=\"elementor-element elementor-element-572f8fb elementor-widget elementor-widget-woolentor-universal-product\" data-id=\"572f8fb\" data-element_type=\"widget\" data-widget_type=\"woolentor-universal-product.default\">\n\t\t\t\t<div class=\"elementor-widget-container\">\n\t\t\t\t\t            \n                                                <div class=\" ht-products woocommerce ht-row\" dir=\"ltr\" data-settings=''  >\n\n                        \n                            <!--Product Start-->\n                            <div class=\"ht-product ht-col-lg-4 ht-col-md-6 ht-col-sm-6 ht-col-xs-12 mb-30 product ht-product-action-right ht-product-countdown-fill\">\n                                <div class=\"ht-product-inner\">\n\n                                    <div class=\"ht-product-image-wrap\">\n                                                                                <div class=\"ht-product-image\">\n                                                                                            <a href=\"https:\/\/popup-podcast.be\/index.php\/produit\/tote-bag-popup\/\"> \n                                                    <img fetchpriority=\"high\" decoding=\"async\" width=\"300\" height=\"300\" src=\"https:\/\/popup-podcast.be\/wp-content\/uploads\/2025\/05\/ddd-300x300.png\" class=\"attachment-woocommerce_thumbnail size-woocommerce_thumbnail\" alt=\"Tote bag Pop&#039;Up\" srcset=\"https:\/\/popup-podcast.be\/wp-content\/uploads\/2025\/05\/ddd-300x300.png 300w, https:\/\/popup-podcast.be\/wp-content\/uploads\/2025\/05\/ddd-150x150.png 150w, https:\/\/popup-podcast.be\/wp-content\/uploads\/2025\/05\/ddd-768x768.png 768w, https:\/\/popup-podcast.be\/wp-content\/uploads\/2025\/05\/ddd-600x600.png 600w, https:\/\/popup-podcast.be\/wp-content\/uploads\/2025\/05\/ddd-100x100.png 100w, https:\/\/popup-podcast.be\/wp-content\/uploads\/2025\/05\/ddd.png 900w\" sizes=\"(max-width: 300px) 100vw, 300px\" \/> \n                                                <\/a>\n                                            \n                                        <\/div>\n\n                                        \n                                                                                    <div class=\"ht-product-action\">\n                                                <ul class=\"woolentor-action-btn-area\">\n                                                                                                            <li>\n                                                            <a href=\"#\" class=\"woolentorquickview\" data-product_id=\"514\" aria-label=\"Tote bag Pop&#039;Up\">\n                                                                <i class=\"sli sli-magnifier\"><\/i>\n                                                                <span class=\"ht-product-action-tooltip\">Quick View<\/span>\n                                                            <\/a>\n                                                        <\/li>\n                                                                                                                                                                                                                <li class=\"woolentor-cart\"><a href=\"?add-to-cart=514\" aria-describedby=\"woocommerce_loop_add_to_cart_link_describedby_514\" data-quantity=\"1\" class=\"button product_type_simple add_to_cart_button ajax_add_to_cart\" data-product_id=\"514\" data-product_sku=\"\" aria-label=\"Ajouter au panier\u00a0: &ldquo;Tote bag Pop&#039;Up&rdquo;\" rel=\"nofollow\" data-success_message=\"\u00ab\u00a0Tote bag Pop&#039;Up\u00a0\u00bb a \u00e9t\u00e9 ajout\u00e9 \u00e0 votre panier\">Ajouter au panier<\/a>\t<span id=\"woocommerce_loop_add_to_cart_link_describedby_514\" class=\"screen-reader-text\">\n\t\t\t<\/span>\n<\/li>\n                                                <\/ul>\n                                            <\/div>\n                                        \n                                    <\/div>\n\n                                    <div class=\"ht-product-content\">\n                                        <div class=\"ht-product-content-inner\">\n                                            <div class=\"ht-product-categories\"><a href=\"https:\/\/popup-podcast.be\/index.php\/categorie-produit\/goodies\/\">Goodies<\/a><\/div>\n                                                                                        <h4 class='ht-product-title'><a href='https:\/\/popup-podcast.be\/index.php\/produit\/tote-bag-popup\/'>Tote bag Pop&rsquo;Up<\/a><\/h4>                                                                                                                                    <div class=\"ht-product-price\">\n\t<span class=\"price\"><span class=\"woocommerce-Price-amount amount\"><bdi><span class=\"woocommerce-Price-currencySymbol\">&euro;<\/span>&nbsp;11,99<\/bdi><\/span><\/span>\n<\/div>\n                                                                                        <div class=\"ht-product-ratting-wrap\"><\/div>\n\n                                                                                    <\/div>\n                                                                            <\/div>\n\n                                <\/div>\n                            <\/div>\n                            <!--Product End-->\n\n                        \n                            <!--Product Start-->\n                            <div class=\"ht-product ht-col-lg-4 ht-col-md-6 ht-col-sm-6 ht-col-xs-12 mb-30 product ht-product-action-right ht-product-countdown-fill\">\n                                <div class=\"ht-product-inner\">\n\n                                    <div class=\"ht-product-image-wrap\">\n                                                                                <div class=\"ht-product-image\">\n                                                                                            <a href=\"https:\/\/popup-podcast.be\/index.php\/produit\/pins-popup\/\"> \n                                                    <img decoding=\"async\" width=\"1\" height=\"1\" src=\"https:\/\/popup-podcast.be\/wp-content\/uploads\/2025\/05\/pins.png\" class=\"attachment-woocommerce_thumbnail size-woocommerce_thumbnail\" alt=\"Pin&#039;s Pop&#039;Up\" \/> \n                                                <\/a>\n                                            \n                                        <\/div>\n\n                                        \n                                                                                    <div class=\"ht-product-action\">\n                                                <ul class=\"woolentor-action-btn-area\">\n                                                                                                            <li>\n                                                            <a href=\"#\" class=\"woolentorquickview\" data-product_id=\"513\" aria-label=\"Pin&#039;s Pop&#039;Up\">\n                                                                <i class=\"sli sli-magnifier\"><\/i>\n                                                                <span class=\"ht-product-action-tooltip\">Quick View<\/span>\n                                                            <\/a>\n                                                        <\/li>\n                                                                                                                                                                                                                <li class=\"woolentor-cart\"><a href=\"?add-to-cart=513\" aria-describedby=\"woocommerce_loop_add_to_cart_link_describedby_513\" data-quantity=\"1\" class=\"button product_type_simple add_to_cart_button ajax_add_to_cart\" data-product_id=\"513\" data-product_sku=\"\" aria-label=\"Ajouter au panier\u00a0: &ldquo;Pin&#039;s Pop&#039;Up&rdquo;\" rel=\"nofollow\" data-success_message=\"\u00ab\u00a0Pin&#039;s Pop&#039;Up\u00a0\u00bb a \u00e9t\u00e9 ajout\u00e9 \u00e0 votre panier\">Ajouter au panier<\/a>\t<span id=\"woocommerce_loop_add_to_cart_link_describedby_513\" class=\"screen-reader-text\">\n\t\t\t<\/span>\n<\/li>\n                                                <\/ul>\n                                            <\/div>\n                                        \n                                    <\/div>\n\n                                    <div class=\"ht-product-content\">\n                                        <div class=\"ht-product-content-inner\">\n                                            <div class=\"ht-product-categories\"><a href=\"https:\/\/popup-podcast.be\/index.php\/categorie-produit\/goodies\/\">Goodies<\/a><\/div>\n                                                                                        <h4 class='ht-product-title'><a href='https:\/\/popup-podcast.be\/index.php\/produit\/pins-popup\/'>Pin&rsquo;s Pop&rsquo;Up<\/a><\/h4>                                                                                                                                    <div class=\"ht-product-price\">\n\t<span class=\"price\"><span class=\"woocommerce-Price-amount amount\"><bdi><span class=\"woocommerce-Price-currencySymbol\">&euro;<\/span>&nbsp;6,99<\/bdi><\/span><\/span>\n<\/div>\n                                                                                        <div class=\"ht-product-ratting-wrap\"><\/div>\n\n                                                                                    <\/div>\n                                                                            <\/div>\n\n                                <\/div>\n                            <\/div>\n                            <!--Product End-->\n\n                        \n                            <!--Product Start-->\n                            <div class=\"ht-product ht-col-lg-4 ht-col-md-6 ht-col-sm-6 ht-col-xs-12 mb-30 product ht-product-action-right ht-product-countdown-fill\">\n                                <div class=\"ht-product-inner\">\n\n                                    <div class=\"ht-product-image-wrap\">\n                                                                                <div class=\"ht-product-image\">\n                                                                                            <a href=\"https:\/\/popup-podcast.be\/index.php\/produit\/sticker-popup\/\"> \n                                                    <img decoding=\"async\" width=\"300\" height=\"300\" src=\"https:\/\/popup-podcast.be\/wp-content\/uploads\/2025\/05\/spu-300x300.png\" class=\"attachment-woocommerce_thumbnail size-woocommerce_thumbnail\" alt=\"Sticker Pop&#039;Up\" srcset=\"https:\/\/popup-podcast.be\/wp-content\/uploads\/2025\/05\/spu-300x300.png 300w, https:\/\/popup-podcast.be\/wp-content\/uploads\/2025\/05\/spu-150x150.png 150w, https:\/\/popup-podcast.be\/wp-content\/uploads\/2025\/05\/spu-100x100.png 100w\" sizes=\"(max-width: 300px) 100vw, 300px\" \/> \n                                                <\/a>\n                                            \n                                        <\/div>\n\n                                        \n                                                                                    <div class=\"ht-product-action\">\n                                                <ul class=\"woolentor-action-btn-area\">\n                                                                                                            <li>\n                                                            <a href=\"#\" class=\"woolentorquickview\" data-product_id=\"510\" aria-label=\"Sticker Pop&#039;Up\">\n                                                                <i class=\"sli sli-magnifier\"><\/i>\n                                                                <span class=\"ht-product-action-tooltip\">Quick View<\/span>\n                                                            <\/a>\n                                                        <\/li>\n                                                                                                                                                                                                                <li class=\"woolentor-cart\"><a href=\"?add-to-cart=510\" aria-describedby=\"woocommerce_loop_add_to_cart_link_describedby_510\" data-quantity=\"1\" class=\"button product_type_simple add_to_cart_button ajax_add_to_cart\" data-product_id=\"510\" data-product_sku=\"\" aria-label=\"Ajouter au panier\u00a0: &ldquo;Sticker Pop&#039;Up&rdquo;\" rel=\"nofollow\" data-success_message=\"\u00ab\u00a0Sticker Pop&#039;Up\u00a0\u00bb a \u00e9t\u00e9 ajout\u00e9 \u00e0 votre panier\">Ajouter au panier<\/a>\t<span id=\"woocommerce_loop_add_to_cart_link_describedby_510\" class=\"screen-reader-text\">\n\t\t\t<\/span>\n<\/li>\n                                                <\/ul>\n                                            <\/div>\n                                        \n                                    <\/div>\n\n                                    <div class=\"ht-product-content\">\n                                        <div class=\"ht-product-content-inner\">\n                                            <div class=\"ht-product-categories\"><a href=\"https:\/\/popup-podcast.be\/index.php\/categorie-produit\/goodies\/\">Goodies<\/a><\/div>\n                                                                                        <h4 class='ht-product-title'><a href='https:\/\/popup-podcast.be\/index.php\/produit\/sticker-popup\/'>Sticker Pop&rsquo;Up<\/a><\/h4>                                                                                                                                    <div class=\"ht-product-price\">\n\t<span class=\"price\"><span class=\"woocommerce-Price-amount amount\"><bdi><span class=\"woocommerce-Price-currencySymbol\">&euro;<\/span>&nbsp;1,99<\/bdi><\/span><\/span>\n<\/div>\n                                                                                        <div class=\"ht-product-ratting-wrap\"><\/div>\n\n                                                                                    <\/div>\n                                                                            <\/div>\n\n                                <\/div>\n                            <\/div>\n                            <!--Product End-->\n\n                                            <\/div>\n                            \n            \n        \t\t\t\t<\/div>\n\t\t\t\t<\/div>\n\t\t\t\t<\/div>\n\t\t\t\t<\/div>\n\t\t\t\t\t<\/div>\n\t\t\t\t<\/div>\n\t\t\t\t<\/div>\n\t\t","protected":false},"excerpt":{"rendered":"<p>Notre boutique Bienvenue dans la boutique de Pop&rsquo;Up ! Vous y trouverez de jolis objets (tote bags, stickers, pins\u2026) pour soutenir le podcast et c\u00e9l\u00e9brer la sc\u00e8ne pop belge avec style. Quick View Ajouter au panier Goodies Tote bag Pop&rsquo;Up &euro;&nbsp;11,99 Quick View Ajouter au panier Goodies Pin&rsquo;s Pop&rsquo;Up &euro;&nbsp;6,99 Quick View Ajouter au panier [&hellip;]<\/p>\n","protected":false},"author":1,"featured_media":0,"parent":0,"menu_order":0,"comment_status":"closed","ping_status":"closed","template":"","meta":{"_uag_custom_page_level_css":"","footnotes":""},"class_list":["post-589","page","type-page","status-publish","hentry"],"yoast_head":"<!-- This site is optimized with the Yoast SEO plugin v25.1 - https:\/\/yoast.com\/wordpress\/plugins\/seo\/ -->\n<title>Boutique - Pop&#039;Up<\/title>\n<meta name=\"robots\" content=\"index, follow, max-snippet:-1, max-image-preview:large, max-video-preview:-1\" \/>\n<link rel=\"canonical\" href=\"https:\/\/popup-podcast.be\/index.php\/boutique\/\" \/>\n<meta property=\"og:locale\" content=\"fr_FR\" \/>\n<meta property=\"og:type\" content=\"article\" \/>\n<meta property=\"og:title\" content=\"Boutique - Pop&#039;Up\" \/>\n<meta property=\"og:description\" content=\"Notre boutique Bienvenue dans la boutique de Pop&rsquo;Up ! Vous y trouverez de jolis objets (tote bags, stickers, pins\u2026) pour soutenir le podcast et c\u00e9l\u00e9brer la sc\u00e8ne pop belge avec style. Quick View Ajouter au panier Goodies Tote bag Pop&rsquo;Up &euro;&nbsp;11,99 Quick View Ajouter au panier Goodies Pin&rsquo;s Pop&rsquo;Up &euro;&nbsp;6,99 Quick View Ajouter au panier [&hellip;]\" \/>\n<meta property=\"og:url\" content=\"https:\/\/popup-podcast.be\/index.php\/boutique\/\" \/>\n<meta property=\"og:site_name\" content=\"Pop&#039;Up\" \/>\n<meta property=\"article:modified_time\" content=\"2025-05-28T15:47:57+00:00\" \/>\n<meta property=\"og:image\" content=\"https:\/\/popup-podcast.be\/wp-content\/uploads\/2025\/05\/ddd.png\" \/>\n<meta name=\"twitter:card\" content=\"summary_large_image\" \/>\n<meta name=\"twitter:label1\" content=\"Dur\u00e9e de lecture estim\u00e9e\" \/>\n\t<meta name=\"twitter:data1\" content=\"2 minutes\" \/>\n<script type=\"application\/ld+json\" class=\"yoast-schema-graph\">{\"@context\":\"https:\/\/schema.org\",\"@graph\":[{\"@type\":\"WebPage\",\"@id\":\"https:\/\/popup-podcast.be\/index.php\/boutique\/\",\"url\":\"https:\/\/popup-podcast.be\/index.php\/boutique\/\",\"name\":\"Boutique - Pop&#039;Up\",\"isPartOf\":{\"@id\":\"https:\/\/popup-podcast.be\/#website\"},\"primaryImageOfPage\":{\"@id\":\"https:\/\/popup-podcast.be\/index.php\/boutique\/#primaryimage\"},\"image\":{\"@id\":\"https:\/\/popup-podcast.be\/index.php\/boutique\/#primaryimage\"},\"thumbnailUrl\":\"https:\/\/popup-podcast.be\/wp-content\/uploads\/2025\/05\/ddd.png\",\"datePublished\":\"2025-05-25T09:38:20+00:00\",\"dateModified\":\"2025-05-28T15:47:57+00:00\",\"breadcrumb\":{\"@id\":\"https:\/\/popup-podcast.be\/index.php\/boutique\/#breadcrumb\"},\"inLanguage\":\"fr-FR\",\"potentialAction\":[{\"@type\":\"ReadAction\",\"target\":[\"https:\/\/popup-podcast.be\/index.php\/boutique\/\"]}]},{\"@type\":\"ImageObject\",\"inLanguage\":\"fr-FR\",\"@id\":\"https:\/\/popup-podcast.be\/index.php\/boutique\/#primaryimage\",\"url\":\"https:\/\/popup-podcast.be\/wp-content\/uploads\/2025\/05\/ddd.png\",\"contentUrl\":\"https:\/\/popup-podcast.be\/wp-content\/uploads\/2025\/05\/ddd.png\",\"width\":900,\"height\":900},{\"@type\":\"BreadcrumbList\",\"@id\":\"https:\/\/popup-podcast.be\/index.php\/boutique\/#breadcrumb\",\"itemListElement\":[{\"@type\":\"ListItem\",\"position\":1,\"name\":\"Accueil\",\"item\":\"https:\/\/popup-podcast.be\/\"},{\"@type\":\"ListItem\",\"position\":2,\"name\":\"Boutique\"}]},{\"@type\":\"WebSite\",\"@id\":\"https:\/\/popup-podcast.be\/#website\",\"url\":\"https:\/\/popup-podcast.be\/\",\"name\":\"Pop&#039;Up\",\"description\":\"Le podcast qui explore la sc\u00e8ne pop belge\",\"publisher\":{\"@id\":\"https:\/\/popup-podcast.be\/#organization\"},\"potentialAction\":[{\"@type\":\"SearchAction\",\"target\":{\"@type\":\"EntryPoint\",\"urlTemplate\":\"https:\/\/popup-podcast.be\/?s={search_term_string}\"},\"query-input\":{\"@type\":\"PropertyValueSpecification\",\"valueRequired\":true,\"valueName\":\"search_term_string\"}}],\"inLanguage\":\"fr-FR\"},{\"@type\":\"Organization\",\"@id\":\"https:\/\/popup-podcast.be\/#organization\",\"name\":\"Pop&#039;Up\",\"url\":\"https:\/\/popup-podcast.be\/\",\"logo\":{\"@type\":\"ImageObject\",\"inLanguage\":\"fr-FR\",\"@id\":\"https:\/\/popup-podcast.be\/#\/schema\/logo\/image\/\",\"url\":\"https:\/\/popup-podcast.be\/wp-content\/uploads\/2025\/05\/Plan-de-travail-108_4-1.png\",\"contentUrl\":\"https:\/\/popup-podcast.be\/wp-content\/uploads\/2025\/05\/Plan-de-travail-108_4-1.png\",\"width\":1080,\"height\":1080,\"caption\":\"Pop&#039;Up\"},\"image\":{\"@id\":\"https:\/\/popup-podcast.be\/#\/schema\/logo\/image\/\"}}]}<\/script>\n<!-- \/ Yoast SEO plugin. -->","yoast_head_json":{"title":"Boutique - Pop&#039;Up","robots":{"index":"index","follow":"follow","max-snippet":"max-snippet:-1","max-image-preview":"max-image-preview:large","max-video-preview":"max-video-preview:-1"},"canonical":"https:\/\/popup-podcast.be\/index.php\/boutique\/","og_locale":"fr_FR","og_type":"article","og_title":"Boutique - Pop&#039;Up","og_description":"Notre boutique Bienvenue dans la boutique de Pop&rsquo;Up ! Vous y trouverez de jolis objets (tote bags, stickers, pins\u2026) pour soutenir le podcast et c\u00e9l\u00e9brer la sc\u00e8ne pop belge avec style. Quick View Ajouter au panier Goodies Tote bag Pop&rsquo;Up &euro;&nbsp;11,99 Quick View Ajouter au panier Goodies Pin&rsquo;s Pop&rsquo;Up &euro;&nbsp;6,99 Quick View Ajouter au panier [&hellip;]","og_url":"https:\/\/popup-podcast.be\/index.php\/boutique\/","og_site_name":"Pop&#039;Up","article_modified_time":"2025-05-28T15:47:57+00:00","og_image":[{"url":"https:\/\/popup-podcast.be\/wp-content\/uploads\/2025\/05\/ddd.png","type":"","width":"","height":""}],"twitter_card":"summary_large_image","twitter_misc":{"Dur\u00e9e de lecture estim\u00e9e":"2 minutes"},"schema":{"@context":"https:\/\/schema.org","@graph":[{"@type":"WebPage","@id":"https:\/\/popup-podcast.be\/index.php\/boutique\/","url":"https:\/\/popup-podcast.be\/index.php\/boutique\/","name":"Boutique - Pop&#039;Up","isPartOf":{"@id":"https:\/\/popup-podcast.be\/#website"},"primaryImageOfPage":{"@id":"https:\/\/popup-podcast.be\/index.php\/boutique\/#primaryimage"},"image":{"@id":"https:\/\/popup-podcast.be\/index.php\/boutique\/#primaryimage"},"thumbnailUrl":"https:\/\/popup-podcast.be\/wp-content\/uploads\/2025\/05\/ddd.png","datePublished":"2025-05-25T09:38:20+00:00","dateModified":"2025-05-28T15:47:57+00:00","breadcrumb":{"@id":"https:\/\/popup-podcast.be\/index.php\/boutique\/#breadcrumb"},"inLanguage":"fr-FR","potentialAction":[{"@type":"ReadAction","target":["https:\/\/popup-podcast.be\/index.php\/boutique\/"]}]},{"@type":"ImageObject","inLanguage":"fr-FR","@id":"https:\/\/popup-podcast.be\/index.php\/boutique\/#primaryimage","url":"https:\/\/popup-podcast.be\/wp-content\/uploads\/2025\/05\/ddd.png","contentUrl":"https:\/\/popup-podcast.be\/wp-content\/uploads\/2025\/05\/ddd.png","width":900,"height":900},{"@type":"BreadcrumbList","@id":"https:\/\/popup-podcast.be\/index.php\/boutique\/#breadcrumb","itemListElement":[{"@type":"ListItem","position":1,"name":"Accueil","item":"https:\/\/popup-podcast.be\/"},{"@type":"ListItem","position":2,"name":"Boutique"}]},{"@type":"WebSite","@id":"https:\/\/popup-podcast.be\/#website","url":"https:\/\/popup-podcast.be\/","name":"Pop&#039;Up","description":"Le podcast qui explore la sc\u00e8ne pop belge","publisher":{"@id":"https:\/\/popup-podcast.be\/#organization"},"potentialAction":[{"@type":"SearchAction","target":{"@type":"EntryPoint","urlTemplate":"https:\/\/popup-podcast.be\/?s={search_term_string}"},"query-input":{"@type":"PropertyValueSpecification","valueRequired":true,"valueName":"search_term_string"}}],"inLanguage":"fr-FR"},{"@type":"Organization","@id":"https:\/\/popup-podcast.be\/#organization","name":"Pop&#039;Up","url":"https:\/\/popup-podcast.be\/","logo":{"@type":"ImageObject","inLanguage":"fr-FR","@id":"https:\/\/popup-podcast.be\/#\/schema\/logo\/image\/","url":"https:\/\/popup-podcast.be\/wp-content\/uploads\/2025\/05\/Plan-de-travail-108_4-1.png","contentUrl":"https:\/\/popup-podcast.be\/wp-content\/uploads\/2025\/05\/Plan-de-travail-108_4-1.png","width":1080,"height":1080,"caption":"Pop&#039;Up"},"image":{"@id":"https:\/\/popup-podcast.be\/#\/schema\/logo\/image\/"}}]}},"uagb_featured_image_src":{"full":false,"thumbnail":false,"medium":false,"medium_large":false,"large":false,"1536x1536":false,"2048x2048":false,"woocommerce_thumbnail":false,"woocommerce_single":false,"woocommerce_gallery_thumbnail":false},"uagb_author_info":{"display_name":"admin9021","author_link":"https:\/\/popup-podcast.be\/index.php\/author\/admin9021\/"},"uagb_comment_info":0,"uagb_excerpt":"Notre boutique Bienvenue dans la boutique de Pop&rsquo;Up ! Vous y trouverez de jolis objets (tote bags, stickers, pins\u2026) pour soutenir le podcast et c\u00e9l\u00e9brer la sc\u00e8ne pop belge avec style. Quick View Ajouter au panier Goodies Tote bag Pop&rsquo;Up &euro;&nbsp;11,99 Quick View Ajouter au panier Goodies Pin&rsquo;s Pop&rsquo;Up &euro;&nbsp;6,99 Quick View Ajouter au panier\u2026","_links":{"self":[{"href":"https:\/\/popup-podcast.be\/index.php\/wp-json\/wp\/v2\/pages\/589","targetHints":{"allow":["GET"]}}],"collection":[{"href":"https:\/\/popup-podcast.be\/index.php\/wp-json\/wp\/v2\/pages"}],"about":[{"href":"https:\/\/popup-podcast.be\/index.php\/wp-json\/wp\/v2\/types\/page"}],"author":[{"embeddable":true,"href":"https:\/\/popup-podcast.be\/index.php\/wp-json\/wp\/v2\/users\/1"}],"replies":[{"embeddable":true,"href":"https:\/\/popup-podcast.be\/index.php\/wp-json\/wp\/v2\/comments?post=589"}],"version-history":[{"count":64,"href":"https:\/\/popup-podcast.be\/index.php\/wp-json\/wp\/v2\/pages\/589\/revisions"}],"predecessor-version":[{"id":854,"href":"https:\/\/popup-podcast.be\/index.php\/wp-json\/wp\/v2\/pages\/589\/revisions\/854"}],"wp:attachment":[{"href":"https:\/\/popup-podcast.be\/index.php\/wp-json\/wp\/v2\/media?parent=589"}],"curies":[{"name":"wp","href":"https:\/\/api.w.org\/{rel}","templated":true}]}}