{"id":62,"date":"2025-05-24T09:38:55","date_gmt":"2025-05-24T07:38:55","guid":{"rendered":"http:\/\/popup-podcast.be\/index.php\/contact\/"},"modified":"2025-05-24T21:20:53","modified_gmt":"2025-05-24T19:20:53","slug":"contact","status":"publish","type":"page","link":"https:\/\/popup-podcast.be\/index.php\/contact\/","title":{"rendered":"Contact"},"content":{"rendered":"\t\t<div data-elementor-type=\"wp-page\" data-elementor-id=\"62\" class=\"elementor elementor-62\">\n\t\t\t\t<div class=\"elementor-element elementor-element-5acce7f3 animated-fast e-flex e-con-boxed elementor-invisible e-con e-parent\" data-id=\"5acce7f3\" data-element_type=\"container\" data-settings=\"{&quot;animation&quot;:&quot;fadeIn&quot;}\">\n\t\t\t\t\t<div class=\"e-con-inner\">\n\t\t<div class=\"elementor-element elementor-element-1aee19a2 e-con-full e-flex e-con e-child\" data-id=\"1aee19a2\" data-element_type=\"container\" data-settings=\"{&quot;background_background&quot;:&quot;gradient&quot;}\">\n\t\t\t\t<div class=\"elementor-element elementor-element-6ae4d8b3 elementor-widget__width-initial elementor-widget-mobile__width-inherit e-transform elementor-widget elementor-widget-image\" data-id=\"6ae4d8b3\" data-element_type=\"widget\" data-settings=\"{&quot;_transform_flipX_effect&quot;:&quot;transform&quot;}\" data-widget_type=\"image.default\">\n\t\t\t\t<div class=\"elementor-widget-container\">\n\t\t\t\t\t\t\t\t\t\t\t\t\t\t\t<img fetchpriority=\"high\" decoding=\"async\" width=\"800\" height=\"800\" src=\"https:\/\/popup-podcast.be\/wp-content\/uploads\/2025\/05\/microphone.webp\" class=\"attachment-large size-large wp-image-64\" alt=\"\" srcset=\"https:\/\/popup-podcast.be\/wp-content\/uploads\/2025\/05\/microphone.webp 1024w, https:\/\/popup-podcast.be\/wp-content\/uploads\/2025\/05\/microphone-300x300.webp 300w, https:\/\/popup-podcast.be\/wp-content\/uploads\/2025\/05\/microphone-100x100.webp 100w, https:\/\/popup-podcast.be\/wp-content\/uploads\/2025\/05\/microphone-600x600.webp 600w, https:\/\/popup-podcast.be\/wp-content\/uploads\/2025\/05\/microphone-150x150.webp 150w, https:\/\/popup-podcast.be\/wp-content\/uploads\/2025\/05\/microphone-768x768.webp 768w\" sizes=\"(max-width: 800px) 100vw, 800px\" \/>\t\t\t\t\t\t\t\t\t\t\t\t\t\t\t<\/div>\n\t\t\t\t<\/div>\n\t\t\t\t<div class=\"elementor-element elementor-element-34f21d7e elementor-widget__width-initial elementor-widget-mobile__width-inherit elementor-widget elementor-widget-contact\" data-id=\"34f21d7e\" data-element_type=\"widget\" data-settings=\"{&quot;box_shape&quot;:&quot;sharp&quot;}\" data-widget_type=\"contact.default\">\n\t\t\t\t<div class=\"elementor-widget-container\">\n\t\t\t\t\t\t\t<div class=\"has-shape-sharp shape-type-box ehp-contact has-preset-quick-info\">\n\t\t\t<div class=\"ehp-contact__overlay\"><\/div>\n\t\t\t<div class=\"ehp-contact__elements-container\">\n\t\t\t\t\t\t<div class=\"ehp-contact__text-container\">\n\t\t\t<div class=\"ehp-contact__headings\">\n\t\t\t\t<h2 class=\"ehp-contact__heading\">Contactez-nous<\/h2><p class=\"ehp-contact__description\">Des questions, des suggestions ou simplement l\u2019envie d\u2019\u00e9changer ? N\u2019h\u00e9sitez pas \u00e0 nous \u00e9crire ! <\/p>\t\t\t<\/div>\n\t\t\t<div class=\"ehp-contact__groups\">\n\t\t\t\t\t\t<div class=\"ehp-contact__group\">\n\t\t\t<h3 class=\"ehp-contact__subheading\">\u00c9crivez-nous<\/h3>\t\t<div class=\"ehp-contact__links-container\">\n\t\t\t\t\t\t\t<a aria-label=\"Messenger\" class=\"ehp-contact__contact-link\" href=\"http:\/\/m.me\/482514374944966\">\n\t\t\t\t\t<svg aria-hidden=\"true\" class=\"ehp-contact__contact-link-icon e-font-icon-svg e-fab-facebook-messenger\" viewBox=\"0 0 512 512\" xmlns=\"http:\/\/www.w3.org\/2000\/svg\"><path d=\"M256.55 8C116.52 8 8 110.34 8 248.57c0 72.3 29.71 134.78 78.07 177.94 8.35 7.51 6.63 11.86 8.05 58.23A19.92 19.92 0 0 0 122 502.31c52.91-23.3 53.59-25.14 62.56-22.7C337.85 521.8 504 423.7 504 248.57 504 110.34 396.59 8 256.55 8zm149.24 185.13l-73 115.57a37.37 37.37 0 0 1-53.91 9.93l-58.08-43.47a15 15 0 0 0-18 0l-78.37 59.44c-10.46 7.93-24.16-4.6-17.11-15.67l73-115.57a37.36 37.36 0 0 1 53.91-9.93l58.06 43.46a15 15 0 0 0 18 0l78.41-59.38c10.44-7.98 24.14 4.54 17.09 15.62z\"><\/path><\/svg><span class=\"ehp-contact__contact-link-label\">Messenger<\/span>\t\t\t\t<\/a>\n\t\t\t\t\t\t\t\t<a aria-label=\"Mail\" class=\"ehp-contact__contact-link\" href=\"mailto:popup.teamprod@gmail.com\">\n\t\t\t\t\t<svg aria-hidden=\"true\" class=\"ehp-contact__contact-link-icon e-font-icon-svg e-fas-envelope\" viewBox=\"0 0 512 512\" xmlns=\"http:\/\/www.w3.org\/2000\/svg\"><path d=\"M502.3 190.8c3.9-3.1 9.7-.2 9.7 4.7V400c0 26.5-21.5 48-48 48H48c-26.5 0-48-21.5-48-48V195.6c0-5 5.7-7.8 9.7-4.7 22.4 17.4 52.1 39.5 154.1 113.6 21.1 15.4 56.7 47.8 92.2 47.6 35.7.3 72-32.8 92.3-47.6 102-74.1 131.6-96.3 154-113.7zM256 320c23.2.4 56.6-29.2 73.4-41.4 132.7-96.3 142.8-104.7 173.4-128.7 5.8-4.5 9.2-11.5 9.2-18.9v-19c0-26.5-21.5-48-48-48H48C21.5 64 0 85.5 0 112v19c0 7.4 3.4 14.3 9.2 18.9 30.6 23.9 40.7 32.4 173.4 128.7 16.8 12.2 50.2 41.8 73.4 41.4z\"><\/path><\/svg><span class=\"ehp-contact__contact-link-label\">Mail<\/span>\t\t\t\t<\/a>\n\t\t\t\t\t\t<\/div>\n\t\t\t\t<\/div>\n\t\t\t\t<div class=\"ehp-contact__group ehp-contact__group\">\n\t\t\t<h3 class=\"ehp-contact__subheading\">Suivez-nous<\/h3>\t\t<div class=\"ehp-contact__social-icons-container\">\n\t\t\t\t\t\t\t<a aria-label=\"Instagram\" class=\"ehp-contact__social-link\" rel=\"noopener noreferrer\" href=\"https:\/\/www.instagram.com\/popup_podcast\/\">\n\t\t\t\t\t<svg aria-hidden=\"true\" class=\"ehp-contact__contact-social-icon e-font-icon-svg e-fab-instagram\" viewBox=\"0 0 448 512\" xmlns=\"http:\/\/www.w3.org\/2000\/svg\"><path d=\"M224.1 141c-63.6 0-114.9 51.3-114.9 114.9s51.3 114.9 114.9 114.9S339 319.5 339 255.9 287.7 141 224.1 141zm0 189.6c-41.1 0-74.7-33.5-74.7-74.7s33.5-74.7 74.7-74.7 74.7 33.5 74.7 74.7-33.6 74.7-74.7 74.7zm146.4-194.3c0 14.9-12 26.8-26.8 26.8-14.9 0-26.8-12-26.8-26.8s12-26.8 26.8-26.8 26.8 12 26.8 26.8zm76.1 27.2c-1.7-35.9-9.9-67.7-36.2-93.9-26.2-26.2-58-34.4-93.9-36.2-37-2.1-147.9-2.1-184.9 0-35.8 1.7-67.6 9.9-93.9 36.1s-34.4 58-36.2 93.9c-2.1 37-2.1 147.9 0 184.9 1.7 35.9 9.9 67.7 36.2 93.9s58 34.4 93.9 36.2c37 2.1 147.9 2.1 184.9 0 35.9-1.7 67.7-9.9 93.9-36.2 26.2-26.2 34.4-58 36.2-93.9 2.1-37 2.1-147.8 0-184.8zM398.8 388c-7.8 19.6-22.9 34.7-42.6 42.6-29.5 11.7-99.5 9-132.1 9s-102.7 2.6-132.1-9c-19.6-7.8-34.7-22.9-42.6-42.6-11.7-29.5-9-99.5-9-132.1s-2.6-102.7 9-132.1c7.8-19.6 22.9-34.7 42.6-42.6 29.5-11.7 99.5-9 132.1-9s102.7-2.6 132.1 9c19.6 7.8 34.7 22.9 42.6 42.6 11.7 29.5 9 99.5 9 132.1s2.7 102.7-9 132.1z\"><\/path><\/svg>\t\t\t\t<\/a>\n\t\t\t\t\t\t\t\t<a aria-label=\"Facebook\" class=\"ehp-contact__social-link\" rel=\"noopener noreferrer\" href=\"https:\/\/www.facebook.com\/podcastpopup\">\n\t\t\t\t\t<svg aria-hidden=\"true\" class=\"ehp-contact__contact-social-icon e-font-icon-svg e-fab-facebook\" viewBox=\"0 0 512 512\" xmlns=\"http:\/\/www.w3.org\/2000\/svg\"><path d=\"M504 256C504 119 393 8 256 8S8 119 8 256c0 123.78 90.69 226.38 209.25 245V327.69h-63V256h63v-54.64c0-62.15 37-96.48 93.67-96.48 27.14 0 55.52 4.84 55.52 4.84v61h-31.28c-30.8 0-40.41 19.12-40.41 38.73V256h68.78l-11 71.69h-57.78V501C413.31 482.38 504 379.78 504 256z\"><\/path><\/svg>\t\t\t\t<\/a>\n\t\t\t\t\t\t\t\t<a aria-label=\"Tiktok\" class=\"ehp-contact__social-link\" rel=\"noopener noreferrer\" href=\"https:\/\/www.tiktok.com\/@popup_podcast\">\n\t\t\t\t\t<svg aria-hidden=\"true\" class=\"ehp-contact__contact-social-icon e-font-icon-svg e-fab-tiktok\" viewBox=\"0 0 448 512\" xmlns=\"http:\/\/www.w3.org\/2000\/svg\"><path d=\"M448,209.91a210.06,210.06,0,0,1-122.77-39.25V349.38A162.55,162.55,0,1,1,185,188.31V278.2a74.62,74.62,0,1,0,52.23,71.18V0l88,0a121.18,121.18,0,0,0,1.86,22.17h0A122.18,122.18,0,0,0,381,102.39a121.43,121.43,0,0,0,67,20.14Z\"><\/path><\/svg>\t\t\t\t<\/a>\n\t\t\t\t\t\t<\/div>\n\t\t\t\t<\/div>\n\t\t\t\t\t<\/div>\n\t\t<\/div>\n\t\t\t\t\t<\/div>\n\t\t<\/div>\n\t\t\t\t\t\t<\/div>\n\t\t\t\t<\/div>\n\t\t\t\t<\/div>\n\t\t\t\t\t<\/div>\n\t\t\t\t<\/div>\n\t\t\t\t<\/div>\n\t\t","protected":false},"excerpt":{"rendered":"<p>Contactez-nous Des questions, des suggestions ou simplement l\u2019envie d\u2019\u00e9changer ? N\u2019h\u00e9sitez pas \u00e0 nous \u00e9crire ! \u00c9crivez-nous Messenger Mail Suivez-nous<\/p>\n","protected":false},"author":1,"featured_media":0,"parent":0,"menu_order":0,"comment_status":"closed","ping_status":"closed","template":"","meta":{"_uag_custom_page_level_css":"","footnotes":""},"class_list":["post-62","page","type-page","status-publish","hentry"],"yoast_head":"<!-- This site is optimized with the Yoast SEO plugin v25.1 - https:\/\/yoast.com\/wordpress\/plugins\/seo\/ -->\n<title>Contact - Pop&#039;Up<\/title>\n<meta name=\"robots\" content=\"index, follow, max-snippet:-1, max-image-preview:large, max-video-preview:-1\" \/>\n<link rel=\"canonical\" href=\"https:\/\/popup-podcast.be\/index.php\/contact\/\" \/>\n<meta property=\"og:locale\" content=\"fr_FR\" \/>\n<meta property=\"og:type\" content=\"article\" \/>\n<meta property=\"og:title\" content=\"Contact - Pop&#039;Up\" \/>\n<meta property=\"og:description\" content=\"Contactez-nous Des questions, des suggestions ou simplement l\u2019envie d\u2019\u00e9changer ? N\u2019h\u00e9sitez pas \u00e0 nous \u00e9crire ! \u00c9crivez-nous Messenger Mail Suivez-nous\" \/>\n<meta property=\"og:url\" content=\"https:\/\/popup-podcast.be\/index.php\/contact\/\" \/>\n<meta property=\"og:site_name\" content=\"Pop&#039;Up\" \/>\n<meta property=\"article:modified_time\" content=\"2025-05-24T19:20:53+00:00\" \/>\n<meta property=\"og:image\" content=\"http:\/\/popup-podcast.be\/wp-content\/uploads\/2025\/05\/microphone.webp\" \/>\n<meta name=\"twitter:card\" content=\"summary_large_image\" \/>\n<meta name=\"twitter:label1\" content=\"Dur\u00e9e de lecture estim\u00e9e\" \/>\n\t<meta name=\"twitter:data1\" content=\"1 minute\" \/>\n<script type=\"application\/ld+json\" class=\"yoast-schema-graph\">{\"@context\":\"https:\/\/schema.org\",\"@graph\":[{\"@type\":\"WebPage\",\"@id\":\"https:\/\/popup-podcast.be\/index.php\/contact\/\",\"url\":\"https:\/\/popup-podcast.be\/index.php\/contact\/\",\"name\":\"Contact - Pop&#039;Up\",\"isPartOf\":{\"@id\":\"https:\/\/popup-podcast.be\/#website\"},\"primaryImageOfPage\":{\"@id\":\"https:\/\/popup-podcast.be\/index.php\/contact\/#primaryimage\"},\"image\":{\"@id\":\"https:\/\/popup-podcast.be\/index.php\/contact\/#primaryimage\"},\"thumbnailUrl\":\"http:\/\/popup-podcast.be\/wp-content\/uploads\/2025\/05\/microphone.webp\",\"datePublished\":\"2025-05-24T07:38:55+00:00\",\"dateModified\":\"2025-05-24T19:20:53+00:00\",\"breadcrumb\":{\"@id\":\"https:\/\/popup-podcast.be\/index.php\/contact\/#breadcrumb\"},\"inLanguage\":\"fr-FR\",\"potentialAction\":[{\"@type\":\"ReadAction\",\"target\":[\"https:\/\/popup-podcast.be\/index.php\/contact\/\"]}]},{\"@type\":\"ImageObject\",\"inLanguage\":\"fr-FR\",\"@id\":\"https:\/\/popup-podcast.be\/index.php\/contact\/#primaryimage\",\"url\":\"https:\/\/popup-podcast.be\/wp-content\/uploads\/2025\/05\/microphone.webp\",\"contentUrl\":\"https:\/\/popup-podcast.be\/wp-content\/uploads\/2025\/05\/microphone.webp\",\"width\":1024,\"height\":1024},{\"@type\":\"BreadcrumbList\",\"@id\":\"https:\/\/popup-podcast.be\/index.php\/contact\/#breadcrumb\",\"itemListElement\":[{\"@type\":\"ListItem\",\"position\":1,\"name\":\"Accueil\",\"item\":\"https:\/\/popup-podcast.be\/\"},{\"@type\":\"ListItem\",\"position\":2,\"name\":\"Contact\"}]},{\"@type\":\"WebSite\",\"@id\":\"https:\/\/popup-podcast.be\/#website\",\"url\":\"https:\/\/popup-podcast.be\/\",\"name\":\"Pop&#039;Up\",\"description\":\"Le podcast qui explore la sc\u00e8ne pop belge\",\"publisher\":{\"@id\":\"https:\/\/popup-podcast.be\/#organization\"},\"potentialAction\":[{\"@type\":\"SearchAction\",\"target\":{\"@type\":\"EntryPoint\",\"urlTemplate\":\"https:\/\/popup-podcast.be\/?s={search_term_string}\"},\"query-input\":{\"@type\":\"PropertyValueSpecification\",\"valueRequired\":true,\"valueName\":\"search_term_string\"}}],\"inLanguage\":\"fr-FR\"},{\"@type\":\"Organization\",\"@id\":\"https:\/\/popup-podcast.be\/#organization\",\"name\":\"Pop&#039;Up\",\"url\":\"https:\/\/popup-podcast.be\/\",\"logo\":{\"@type\":\"ImageObject\",\"inLanguage\":\"fr-FR\",\"@id\":\"https:\/\/popup-podcast.be\/#\/schema\/logo\/image\/\",\"url\":\"https:\/\/popup-podcast.be\/wp-content\/uploads\/2025\/05\/Plan-de-travail-108_4-1.png\",\"contentUrl\":\"https:\/\/popup-podcast.be\/wp-content\/uploads\/2025\/05\/Plan-de-travail-108_4-1.png\",\"width\":1080,\"height\":1080,\"caption\":\"Pop&#039;Up\"},\"image\":{\"@id\":\"https:\/\/popup-podcast.be\/#\/schema\/logo\/image\/\"}}]}<\/script>\n<!-- \/ Yoast SEO plugin. -->","yoast_head_json":{"title":"Contact - Pop&#039;Up","robots":{"index":"index","follow":"follow","max-snippet":"max-snippet:-1","max-image-preview":"max-image-preview:large","max-video-preview":"max-video-preview:-1"},"canonical":"https:\/\/popup-podcast.be\/index.php\/contact\/","og_locale":"fr_FR","og_type":"article","og_title":"Contact - Pop&#039;Up","og_description":"Contactez-nous Des questions, des suggestions ou simplement l\u2019envie d\u2019\u00e9changer ? N\u2019h\u00e9sitez pas \u00e0 nous \u00e9crire ! \u00c9crivez-nous Messenger Mail Suivez-nous","og_url":"https:\/\/popup-podcast.be\/index.php\/contact\/","og_site_name":"Pop&#039;Up","article_modified_time":"2025-05-24T19:20:53+00:00","og_image":[{"url":"http:\/\/popup-podcast.be\/wp-content\/uploads\/2025\/05\/microphone.webp","type":"","width":"","height":""}],"twitter_card":"summary_large_image","twitter_misc":{"Dur\u00e9e de lecture estim\u00e9e":"1 minute"},"schema":{"@context":"https:\/\/schema.org","@graph":[{"@type":"WebPage","@id":"https:\/\/popup-podcast.be\/index.php\/contact\/","url":"https:\/\/popup-podcast.be\/index.php\/contact\/","name":"Contact - Pop&#039;Up","isPartOf":{"@id":"https:\/\/popup-podcast.be\/#website"},"primaryImageOfPage":{"@id":"https:\/\/popup-podcast.be\/index.php\/contact\/#primaryimage"},"image":{"@id":"https:\/\/popup-podcast.be\/index.php\/contact\/#primaryimage"},"thumbnailUrl":"http:\/\/popup-podcast.be\/wp-content\/uploads\/2025\/05\/microphone.webp","datePublished":"2025-05-24T07:38:55+00:00","dateModified":"2025-05-24T19:20:53+00:00","breadcrumb":{"@id":"https:\/\/popup-podcast.be\/index.php\/contact\/#breadcrumb"},"inLanguage":"fr-FR","potentialAction":[{"@type":"ReadAction","target":["https:\/\/popup-podcast.be\/index.php\/contact\/"]}]},{"@type":"ImageObject","inLanguage":"fr-FR","@id":"https:\/\/popup-podcast.be\/index.php\/contact\/#primaryimage","url":"https:\/\/popup-podcast.be\/wp-content\/uploads\/2025\/05\/microphone.webp","contentUrl":"https:\/\/popup-podcast.be\/wp-content\/uploads\/2025\/05\/microphone.webp","width":1024,"height":1024},{"@type":"BreadcrumbList","@id":"https:\/\/popup-podcast.be\/index.php\/contact\/#breadcrumb","itemListElement":[{"@type":"ListItem","position":1,"name":"Accueil","item":"https:\/\/popup-podcast.be\/"},{"@type":"ListItem","position":2,"name":"Contact"}]},{"@type":"WebSite","@id":"https:\/\/popup-podcast.be\/#website","url":"https:\/\/popup-podcast.be\/","name":"Pop&#039;Up","description":"Le podcast qui explore la sc\u00e8ne pop belge","publisher":{"@id":"https:\/\/popup-podcast.be\/#organization"},"potentialAction":[{"@type":"SearchAction","target":{"@type":"EntryPoint","urlTemplate":"https:\/\/popup-podcast.be\/?s={search_term_string}"},"query-input":{"@type":"PropertyValueSpecification","valueRequired":true,"valueName":"search_term_string"}}],"inLanguage":"fr-FR"},{"@type":"Organization","@id":"https:\/\/popup-podcast.be\/#organization","name":"Pop&#039;Up","url":"https:\/\/popup-podcast.be\/","logo":{"@type":"ImageObject","inLanguage":"fr-FR","@id":"https:\/\/popup-podcast.be\/#\/schema\/logo\/image\/","url":"https:\/\/popup-podcast.be\/wp-content\/uploads\/2025\/05\/Plan-de-travail-108_4-1.png","contentUrl":"https:\/\/popup-podcast.be\/wp-content\/uploads\/2025\/05\/Plan-de-travail-108_4-1.png","width":1080,"height":1080,"caption":"Pop&#039;Up"},"image":{"@id":"https:\/\/popup-podcast.be\/#\/schema\/logo\/image\/"}}]}},"uagb_featured_image_src":{"full":false,"thumbnail":false,"medium":false,"medium_large":false,"large":false,"1536x1536":false,"2048x2048":false,"woocommerce_thumbnail":false,"woocommerce_single":false,"woocommerce_gallery_thumbnail":false},"uagb_author_info":{"display_name":"admin9021","author_link":"https:\/\/popup-podcast.be\/index.php\/author\/admin9021\/"},"uagb_comment_info":0,"uagb_excerpt":"Contactez-nous Des questions, des suggestions ou simplement l\u2019envie d\u2019\u00e9changer ? N\u2019h\u00e9sitez pas \u00e0 nous \u00e9crire ! \u00c9crivez-nous Messenger Mail Suivez-nous","_links":{"self":[{"href":"https:\/\/popup-podcast.be\/index.php\/wp-json\/wp\/v2\/pages\/62","targetHints":{"allow":["GET"]}}],"collection":[{"href":"https:\/\/popup-podcast.be\/index.php\/wp-json\/wp\/v2\/pages"}],"about":[{"href":"https:\/\/popup-podcast.be\/index.php\/wp-json\/wp\/v2\/types\/page"}],"author":[{"embeddable":true,"href":"https:\/\/popup-podcast.be\/index.php\/wp-json\/wp\/v2\/users\/1"}],"replies":[{"embeddable":true,"href":"https:\/\/popup-podcast.be\/index.php\/wp-json\/wp\/v2\/comments?post=62"}],"version-history":[{"count":31,"href":"https:\/\/popup-podcast.be\/index.php\/wp-json\/wp\/v2\/pages\/62\/revisions"}],"predecessor-version":[{"id":426,"href":"https:\/\/popup-podcast.be\/index.php\/wp-json\/wp\/v2\/pages\/62\/revisions\/426"}],"wp:attachment":[{"href":"https:\/\/popup-podcast.be\/index.php\/wp-json\/wp\/v2\/media?parent=62"}],"curies":[{"name":"wp","href":"https:\/\/api.w.org\/{rel}","templated":true}]}}