{"id":510,"date":"2025-05-24T22:12:34","date_gmt":"2025-05-24T20:12:34","guid":{"rendered":"http:\/\/popup-podcast.be\/?post_type=product&#038;p=510"},"modified":"2025-05-26T21:27:07","modified_gmt":"2025-05-26T19:27:07","slug":"sticker-popup","status":"publish","type":"product","link":"https:\/\/popup-podcast.be\/index.php\/produit\/sticker-popup\/","title":{"rendered":"Sticker Pop&rsquo;Up"},"content":{"rendered":"","protected":false},"excerpt":{"rendered":"<p>Ajoutez une touche originale et color\u00e9e \u00e0 vos accessoires avec le sticker Pop\u2019Up, inspir\u00e9 du podcast qui c\u00e9l\u00e8bre la sc\u00e8ne pop belge ! Ce sticker vibrant et minimaliste reprend fi\u00e8rement le logo de Pop\u2019Up, parfait pour customiser votre ordinateur, carnet, ou t\u00e9l\u00e9phone.<\/p>\n","protected":false},"featured_media":629,"template":"","meta":{"_uag_custom_page_level_css":""},"product_brand":[],"product_cat":[24],"product_tag":[],"class_list":{"0":"post-510","1":"product","2":"type-product","3":"status-publish","4":"has-post-thumbnail","6":"product_cat-goodies","8":"first","9":"instock","10":"shipping-taxable","11":"purchasable","12":"product-type-simple"},"yoast_head":"<!-- This site is optimized with the Yoast SEO plugin v25.1 - https:\/\/yoast.com\/wordpress\/plugins\/seo\/ -->\n<title>Sticker Pop&#039;Up - Pop&#039;Up<\/title>\n<meta name=\"description\" content=\"Sticker Pop&#039;Up \u2013 Autocollant tendance et r\u00e9sistant pour personnaliser vos objets du quotidien.\" \/>\n<meta name=\"robots\" content=\"index, follow, max-snippet:-1, max-image-preview:large, max-video-preview:-1\" \/>\n<link rel=\"canonical\" href=\"https:\/\/popup-podcast.be\/index.php\/produit\/sticker-popup\/\" \/>\n<meta property=\"og:locale\" content=\"fr_FR\" \/>\n<meta property=\"og:type\" content=\"article\" \/>\n<meta property=\"og:title\" content=\"Sticker Pop&#039;Up - Pop&#039;Up\" \/>\n<meta property=\"og:description\" content=\"Sticker Pop&#039;Up \u2013 Autocollant tendance et r\u00e9sistant pour personnaliser vos objets du quotidien.\" \/>\n<meta property=\"og:url\" content=\"https:\/\/popup-podcast.be\/index.php\/produit\/sticker-popup\/\" \/>\n<meta property=\"og:site_name\" content=\"Pop&#039;Up\" \/>\n<meta property=\"article:modified_time\" content=\"2025-05-26T19:27:07+00:00\" \/>\n<meta property=\"og:image\" content=\"https:\/\/popup-podcast.be\/wp-content\/uploads\/2025\/05\/spu-scaled.png\" \/>\n\t<meta property=\"og:image:width\" content=\"2560\" \/>\n\t<meta property=\"og:image:height\" content=\"2048\" \/>\n\t<meta property=\"og:image:type\" content=\"image\/png\" \/>\n<meta name=\"twitter:card\" content=\"summary_large_image\" \/>\n<meta name=\"twitter:label1\" content=\"Dur\u00e9e de lecture estim\u00e9e\" \/>\n\t<meta name=\"twitter:data1\" content=\"1 minute\" \/>\n<script type=\"application\/ld+json\" class=\"yoast-schema-graph\">{\"@context\":\"https:\/\/schema.org\",\"@graph\":[{\"@type\":\"WebPage\",\"@id\":\"https:\/\/popup-podcast.be\/index.php\/produit\/sticker-popup\/\",\"url\":\"https:\/\/popup-podcast.be\/index.php\/produit\/sticker-popup\/\",\"name\":\"Sticker Pop'Up - Pop&#039;Up\",\"isPartOf\":{\"@id\":\"https:\/\/popup-podcast.be\/#website\"},\"primaryImageOfPage\":{\"@id\":\"https:\/\/popup-podcast.be\/index.php\/produit\/sticker-popup\/#primaryimage\"},\"image\":{\"@id\":\"https:\/\/popup-podcast.be\/index.php\/produit\/sticker-popup\/#primaryimage\"},\"thumbnailUrl\":\"https:\/\/popup-podcast.be\/wp-content\/uploads\/2025\/05\/spu-scaled.png\",\"datePublished\":\"2025-05-24T20:12:34+00:00\",\"dateModified\":\"2025-05-26T19:27:07+00:00\",\"description\":\"Sticker Pop'Up \u2013 Autocollant tendance et r\u00e9sistant pour personnaliser vos objets du quotidien.\",\"breadcrumb\":{\"@id\":\"https:\/\/popup-podcast.be\/index.php\/produit\/sticker-popup\/#breadcrumb\"},\"inLanguage\":\"fr-FR\",\"potentialAction\":[{\"@type\":\"ReadAction\",\"target\":[\"https:\/\/popup-podcast.be\/index.php\/produit\/sticker-popup\/\"]}]},{\"@type\":\"ImageObject\",\"inLanguage\":\"fr-FR\",\"@id\":\"https:\/\/popup-podcast.be\/index.php\/produit\/sticker-popup\/#primaryimage\",\"url\":\"https:\/\/popup-podcast.be\/wp-content\/uploads\/2025\/05\/spu-scaled.png\",\"contentUrl\":\"https:\/\/popup-podcast.be\/wp-content\/uploads\/2025\/05\/spu-scaled.png\",\"width\":2560,\"height\":2048},{\"@type\":\"BreadcrumbList\",\"@id\":\"https:\/\/popup-podcast.be\/index.php\/produit\/sticker-popup\/#breadcrumb\",\"itemListElement\":[{\"@type\":\"ListItem\",\"position\":1,\"name\":\"Accueil\",\"item\":\"https:\/\/popup-podcast.be\/\"},{\"@type\":\"ListItem\",\"position\":2,\"name\":\"Produits\",\"item\":\"https:\/\/popup-podcast.be\/index.php\/shop\/\"},{\"@type\":\"ListItem\",\"position\":3,\"name\":\"Sticker Pop&rsquo;Up\"}]},{\"@type\":\"WebSite\",\"@id\":\"https:\/\/popup-podcast.be\/#website\",\"url\":\"https:\/\/popup-podcast.be\/\",\"name\":\"Pop&#039;Up\",\"description\":\"Le podcast qui explore la sc\u00e8ne pop belge\",\"publisher\":{\"@id\":\"https:\/\/popup-podcast.be\/#organization\"},\"potentialAction\":[{\"@type\":\"SearchAction\",\"target\":{\"@type\":\"EntryPoint\",\"urlTemplate\":\"https:\/\/popup-podcast.be\/?s={search_term_string}\"},\"query-input\":{\"@type\":\"PropertyValueSpecification\",\"valueRequired\":true,\"valueName\":\"search_term_string\"}}],\"inLanguage\":\"fr-FR\"},{\"@type\":\"Organization\",\"@id\":\"https:\/\/popup-podcast.be\/#organization\",\"name\":\"Pop&#039;Up\",\"url\":\"https:\/\/popup-podcast.be\/\",\"logo\":{\"@type\":\"ImageObject\",\"inLanguage\":\"fr-FR\",\"@id\":\"https:\/\/popup-podcast.be\/#\/schema\/logo\/image\/\",\"url\":\"https:\/\/popup-podcast.be\/wp-content\/uploads\/2025\/05\/Plan-de-travail-108_4-1.png\",\"contentUrl\":\"https:\/\/popup-podcast.be\/wp-content\/uploads\/2025\/05\/Plan-de-travail-108_4-1.png\",\"width\":1080,\"height\":1080,\"caption\":\"Pop&#039;Up\"},\"image\":{\"@id\":\"https:\/\/popup-podcast.be\/#\/schema\/logo\/image\/\"}}]}<\/script>\n<!-- \/ Yoast SEO plugin. -->","yoast_head_json":{"title":"Sticker Pop'Up - Pop&#039;Up","description":"Sticker Pop'Up \u2013 Autocollant tendance et r\u00e9sistant pour personnaliser vos objets du quotidien.","robots":{"index":"index","follow":"follow","max-snippet":"max-snippet:-1","max-image-preview":"max-image-preview:large","max-video-preview":"max-video-preview:-1"},"canonical":"https:\/\/popup-podcast.be\/index.php\/produit\/sticker-popup\/","og_locale":"fr_FR","og_type":"article","og_title":"Sticker Pop'Up - Pop&#039;Up","og_description":"Sticker Pop'Up \u2013 Autocollant tendance et r\u00e9sistant pour personnaliser vos objets du quotidien.","og_url":"https:\/\/popup-podcast.be\/index.php\/produit\/sticker-popup\/","og_site_name":"Pop&#039;Up","article_modified_time":"2025-05-26T19:27:07+00:00","og_image":[{"width":2560,"height":2048,"url":"https:\/\/popup-podcast.be\/wp-content\/uploads\/2025\/05\/spu-scaled.png","type":"image\/png"}],"twitter_card":"summary_large_image","twitter_misc":{"Dur\u00e9e de lecture estim\u00e9e":"1 minute"},"schema":{"@context":"https:\/\/schema.org","@graph":[{"@type":"WebPage","@id":"https:\/\/popup-podcast.be\/index.php\/produit\/sticker-popup\/","url":"https:\/\/popup-podcast.be\/index.php\/produit\/sticker-popup\/","name":"Sticker Pop'Up - Pop&#039;Up","isPartOf":{"@id":"https:\/\/popup-podcast.be\/#website"},"primaryImageOfPage":{"@id":"https:\/\/popup-podcast.be\/index.php\/produit\/sticker-popup\/#primaryimage"},"image":{"@id":"https:\/\/popup-podcast.be\/index.php\/produit\/sticker-popup\/#primaryimage"},"thumbnailUrl":"https:\/\/popup-podcast.be\/wp-content\/uploads\/2025\/05\/spu-scaled.png","datePublished":"2025-05-24T20:12:34+00:00","dateModified":"2025-05-26T19:27:07+00:00","description":"Sticker Pop'Up \u2013 Autocollant tendance et r\u00e9sistant pour personnaliser vos objets du quotidien.","breadcrumb":{"@id":"https:\/\/popup-podcast.be\/index.php\/produit\/sticker-popup\/#breadcrumb"},"inLanguage":"fr-FR","potentialAction":[{"@type":"ReadAction","target":["https:\/\/popup-podcast.be\/index.php\/produit\/sticker-popup\/"]}]},{"@type":"ImageObject","inLanguage":"fr-FR","@id":"https:\/\/popup-podcast.be\/index.php\/produit\/sticker-popup\/#primaryimage","url":"https:\/\/popup-podcast.be\/wp-content\/uploads\/2025\/05\/spu-scaled.png","contentUrl":"https:\/\/popup-podcast.be\/wp-content\/uploads\/2025\/05\/spu-scaled.png","width":2560,"height":2048},{"@type":"BreadcrumbList","@id":"https:\/\/popup-podcast.be\/index.php\/produit\/sticker-popup\/#breadcrumb","itemListElement":[{"@type":"ListItem","position":1,"name":"Accueil","item":"https:\/\/popup-podcast.be\/"},{"@type":"ListItem","position":2,"name":"Produits","item":"https:\/\/popup-podcast.be\/index.php\/shop\/"},{"@type":"ListItem","position":3,"name":"Sticker Pop&rsquo;Up"}]},{"@type":"WebSite","@id":"https:\/\/popup-podcast.be\/#website","url":"https:\/\/popup-podcast.be\/","name":"Pop&#039;Up","description":"Le podcast qui explore la sc\u00e8ne pop belge","publisher":{"@id":"https:\/\/popup-podcast.be\/#organization"},"potentialAction":[{"@type":"SearchAction","target":{"@type":"EntryPoint","urlTemplate":"https:\/\/popup-podcast.be\/?s={search_term_string}"},"query-input":{"@type":"PropertyValueSpecification","valueRequired":true,"valueName":"search_term_string"}}],"inLanguage":"fr-FR"},{"@type":"Organization","@id":"https:\/\/popup-podcast.be\/#organization","name":"Pop&#039;Up","url":"https:\/\/popup-podcast.be\/","logo":{"@type":"ImageObject","inLanguage":"fr-FR","@id":"https:\/\/popup-podcast.be\/#\/schema\/logo\/image\/","url":"https:\/\/popup-podcast.be\/wp-content\/uploads\/2025\/05\/Plan-de-travail-108_4-1.png","contentUrl":"https:\/\/popup-podcast.be\/wp-content\/uploads\/2025\/05\/Plan-de-travail-108_4-1.png","width":1080,"height":1080,"caption":"Pop&#039;Up"},"image":{"@id":"https:\/\/popup-podcast.be\/#\/schema\/logo\/image\/"}}]}},"uagb_featured_image_src":{"full":["https:\/\/popup-podcast.be\/wp-content\/uploads\/2025\/05\/spu-scaled.png",2560,2048,false],"thumbnail":["https:\/\/popup-podcast.be\/wp-content\/uploads\/2025\/05\/spu-150x150.png",150,150,true],"medium":["https:\/\/popup-podcast.be\/wp-content\/uploads\/2025\/05\/spu-300x240.png",300,240,true],"medium_large":["https:\/\/popup-podcast.be\/wp-content\/uploads\/2025\/05\/spu-768x614.png",768,614,true],"large":["https:\/\/popup-podcast.be\/wp-content\/uploads\/2025\/05\/spu-1024x819.png",800,640,true],"1536x1536":["https:\/\/popup-podcast.be\/wp-content\/uploads\/2025\/05\/spu-1536x1229.png",1536,1229,true],"2048x2048":["https:\/\/popup-podcast.be\/wp-content\/uploads\/2025\/05\/spu-2048x1638.png",2048,1638,true],"woocommerce_thumbnail":["https:\/\/popup-podcast.be\/wp-content\/uploads\/2025\/05\/spu-300x300.png",300,300,true],"woocommerce_single":["https:\/\/popup-podcast.be\/wp-content\/uploads\/2025\/05\/spu-600x480.png",600,480,true],"woocommerce_gallery_thumbnail":["https:\/\/popup-podcast.be\/wp-content\/uploads\/2025\/05\/spu-100x100.png",100,100,true]},"uagb_author_info":{"display_name":"admin9021","author_link":"https:\/\/popup-podcast.be\/index.php\/author\/"},"uagb_comment_info":0,"uagb_excerpt":"Ajoutez une touche originale et color\u00e9e \u00e0 vos accessoires avec le sticker Pop\u2019Up, inspir\u00e9 du podcast qui c\u00e9l\u00e8bre la sc\u00e8ne pop belge ! Ce sticker vibrant et minimaliste reprend fi\u00e8rement le logo de Pop\u2019Up, parfait pour customiser votre ordinateur, carnet, ou t\u00e9l\u00e9phone.","_links":{"self":[{"href":"https:\/\/popup-podcast.be\/index.php\/wp-json\/wp\/v2\/product\/510","targetHints":{"allow":["GET"]}}],"collection":[{"href":"https:\/\/popup-podcast.be\/index.php\/wp-json\/wp\/v2\/product"}],"about":[{"href":"https:\/\/popup-podcast.be\/index.php\/wp-json\/wp\/v2\/types\/product"}],"wp:featuredmedia":[{"embeddable":true,"href":"https:\/\/popup-podcast.be\/index.php\/wp-json\/wp\/v2\/media\/629"}],"wp:attachment":[{"href":"https:\/\/popup-podcast.be\/index.php\/wp-json\/wp\/v2\/media?parent=510"}],"wp:term":[{"taxonomy":"product_brand","embeddable":true,"href":"https:\/\/popup-podcast.be\/index.php\/wp-json\/wp\/v2\/product_brand?post=510"},{"taxonomy":"product_cat","embeddable":true,"href":"https:\/\/popup-podcast.be\/index.php\/wp-json\/wp\/v2\/product_cat?post=510"},{"taxonomy":"product_tag","embeddable":true,"href":"https:\/\/popup-podcast.be\/index.php\/wp-json\/wp\/v2\/product_tag?post=510"}],"curies":[{"name":"wp","href":"https:\/\/api.w.org\/{rel}","templated":true}]}}