{"id":514,"date":"2025-05-24T22:36:10","date_gmt":"2025-05-24T20:36:10","guid":{"rendered":"http:\/\/popup-podcast.be\/?post_type=product&#038;p=514"},"modified":"2025-05-26T21:24:35","modified_gmt":"2025-05-26T19:24:35","slug":"tote-bag-popup","status":"publish","type":"product","link":"https:\/\/popup-podcast.be\/index.php\/produit\/tote-bag-popup\/","title":{"rendered":"Tote bag Pop&rsquo;Up"},"content":{"rendered":"","protected":false},"excerpt":{"rendered":"<p>Ajoutez une touche pratique et tendance \u00e0 votre quotidien avec le tote bag Pop&rsquo;Up, \u00e0 l&rsquo;effigie du podcast qui c\u00e9l\u00e8bre la sc\u00e8ne pop belge ! Ce sac \u00e9cologique et styl\u00e9, orn\u00e9 du logo Pop&rsquo;Up, est parfait pour transporter vos essentiels avec \u00e9l\u00e9gance. Id\u00e9al pour vos sorties, vos courses ou pour afficher fi\u00e8rement votre amour pour la sc\u00e8ne pop belge !<\/p>\n","protected":false},"featured_media":530,"template":"","meta":{"_uag_custom_page_level_css":""},"product_brand":[],"product_cat":[24],"product_tag":[],"class_list":{"0":"post-514","1":"product","2":"type-product","3":"status-publish","4":"has-post-thumbnail","6":"product_cat-goodies","8":"first","9":"instock","10":"shipping-taxable","11":"purchasable","12":"product-type-simple"},"yoast_head":"<!-- This site is optimized with the Yoast SEO plugin v25.1 - https:\/\/yoast.com\/wordpress\/plugins\/seo\/ -->\n<title>Tote bag Pop&#039;Up - Pop&#039;Up<\/title>\n<meta name=\"description\" content=\"Tote bag Pop&#039;Up \u2013 Sac pratique, durable et styl\u00e9 pour afficher votre passion pop belge partout.\" \/>\n<meta name=\"robots\" content=\"index, follow, max-snippet:-1, max-image-preview:large, max-video-preview:-1\" \/>\n<link rel=\"canonical\" href=\"https:\/\/popup-podcast.be\/index.php\/produit\/tote-bag-popup\/\" \/>\n<meta property=\"og:locale\" content=\"fr_FR\" \/>\n<meta property=\"og:type\" content=\"article\" \/>\n<meta property=\"og:title\" content=\"Tote bag Pop&#039;Up - Pop&#039;Up\" \/>\n<meta property=\"og:description\" content=\"Tote bag Pop&#039;Up \u2013 Sac pratique, durable et styl\u00e9 pour afficher votre passion pop belge partout.\" \/>\n<meta property=\"og:url\" content=\"https:\/\/popup-podcast.be\/index.php\/produit\/tote-bag-popup\/\" \/>\n<meta property=\"og:site_name\" content=\"Pop&#039;Up\" \/>\n<meta property=\"article:modified_time\" content=\"2025-05-26T19:24:35+00:00\" \/>\n<meta property=\"og:image\" content=\"https:\/\/popup-podcast.be\/wp-content\/uploads\/2025\/05\/ddd.png\" \/>\n\t<meta property=\"og:image:width\" content=\"900\" \/>\n\t<meta property=\"og:image:height\" content=\"900\" \/>\n\t<meta property=\"og:image:type\" content=\"image\/png\" \/>\n<meta name=\"twitter:card\" content=\"summary_large_image\" \/>\n<meta name=\"twitter:label1\" content=\"Dur\u00e9e de lecture estim\u00e9e\" \/>\n\t<meta name=\"twitter:data1\" content=\"1 minute\" \/>\n<script type=\"application\/ld+json\" class=\"yoast-schema-graph\">{\"@context\":\"https:\/\/schema.org\",\"@graph\":[{\"@type\":\"WebPage\",\"@id\":\"https:\/\/popup-podcast.be\/index.php\/produit\/tote-bag-popup\/\",\"url\":\"https:\/\/popup-podcast.be\/index.php\/produit\/tote-bag-popup\/\",\"name\":\"Tote bag Pop'Up - Pop&#039;Up\",\"isPartOf\":{\"@id\":\"https:\/\/popup-podcast.be\/#website\"},\"primaryImageOfPage\":{\"@id\":\"https:\/\/popup-podcast.be\/index.php\/produit\/tote-bag-popup\/#primaryimage\"},\"image\":{\"@id\":\"https:\/\/popup-podcast.be\/index.php\/produit\/tote-bag-popup\/#primaryimage\"},\"thumbnailUrl\":\"https:\/\/popup-podcast.be\/wp-content\/uploads\/2025\/05\/ddd.png\",\"datePublished\":\"2025-05-24T20:36:10+00:00\",\"dateModified\":\"2025-05-26T19:24:35+00:00\",\"description\":\"Tote bag Pop'Up \u2013 Sac pratique, durable et styl\u00e9 pour afficher votre passion pop belge partout.\",\"breadcrumb\":{\"@id\":\"https:\/\/popup-podcast.be\/index.php\/produit\/tote-bag-popup\/#breadcrumb\"},\"inLanguage\":\"fr-FR\",\"potentialAction\":[{\"@type\":\"ReadAction\",\"target\":[\"https:\/\/popup-podcast.be\/index.php\/produit\/tote-bag-popup\/\"]}]},{\"@type\":\"ImageObject\",\"inLanguage\":\"fr-FR\",\"@id\":\"https:\/\/popup-podcast.be\/index.php\/produit\/tote-bag-popup\/#primaryimage\",\"url\":\"https:\/\/popup-podcast.be\/wp-content\/uploads\/2025\/05\/ddd.png\",\"contentUrl\":\"https:\/\/popup-podcast.be\/wp-content\/uploads\/2025\/05\/ddd.png\",\"width\":900,\"height\":900},{\"@type\":\"BreadcrumbList\",\"@id\":\"https:\/\/popup-podcast.be\/index.php\/produit\/tote-bag-popup\/#breadcrumb\",\"itemListElement\":[{\"@type\":\"ListItem\",\"position\":1,\"name\":\"Accueil\",\"item\":\"https:\/\/popup-podcast.be\/\"},{\"@type\":\"ListItem\",\"position\":2,\"name\":\"Produits\",\"item\":\"https:\/\/popup-podcast.be\/index.php\/shop\/\"},{\"@type\":\"ListItem\",\"position\":3,\"name\":\"Tote bag Pop&rsquo;Up\"}]},{\"@type\":\"WebSite\",\"@id\":\"https:\/\/popup-podcast.be\/#website\",\"url\":\"https:\/\/popup-podcast.be\/\",\"name\":\"Pop&#039;Up\",\"description\":\"Le podcast qui explore la sc\u00e8ne pop belge\",\"publisher\":{\"@id\":\"https:\/\/popup-podcast.be\/#organization\"},\"potentialAction\":[{\"@type\":\"SearchAction\",\"target\":{\"@type\":\"EntryPoint\",\"urlTemplate\":\"https:\/\/popup-podcast.be\/?s={search_term_string}\"},\"query-input\":{\"@type\":\"PropertyValueSpecification\",\"valueRequired\":true,\"valueName\":\"search_term_string\"}}],\"inLanguage\":\"fr-FR\"},{\"@type\":\"Organization\",\"@id\":\"https:\/\/popup-podcast.be\/#organization\",\"name\":\"Pop&#039;Up\",\"url\":\"https:\/\/popup-podcast.be\/\",\"logo\":{\"@type\":\"ImageObject\",\"inLanguage\":\"fr-FR\",\"@id\":\"https:\/\/popup-podcast.be\/#\/schema\/logo\/image\/\",\"url\":\"https:\/\/popup-podcast.be\/wp-content\/uploads\/2025\/05\/Plan-de-travail-108_4-1.png\",\"contentUrl\":\"https:\/\/popup-podcast.be\/wp-content\/uploads\/2025\/05\/Plan-de-travail-108_4-1.png\",\"width\":1080,\"height\":1080,\"caption\":\"Pop&#039;Up\"},\"image\":{\"@id\":\"https:\/\/popup-podcast.be\/#\/schema\/logo\/image\/\"}}]}<\/script>\n<!-- \/ Yoast SEO plugin. -->","yoast_head_json":{"title":"Tote bag Pop'Up - Pop&#039;Up","description":"Tote bag Pop'Up \u2013 Sac pratique, durable et styl\u00e9 pour afficher votre passion pop belge partout.","robots":{"index":"index","follow":"follow","max-snippet":"max-snippet:-1","max-image-preview":"max-image-preview:large","max-video-preview":"max-video-preview:-1"},"canonical":"https:\/\/popup-podcast.be\/index.php\/produit\/tote-bag-popup\/","og_locale":"fr_FR","og_type":"article","og_title":"Tote bag Pop'Up - Pop&#039;Up","og_description":"Tote bag Pop'Up \u2013 Sac pratique, durable et styl\u00e9 pour afficher votre passion pop belge partout.","og_url":"https:\/\/popup-podcast.be\/index.php\/produit\/tote-bag-popup\/","og_site_name":"Pop&#039;Up","article_modified_time":"2025-05-26T19:24:35+00:00","og_image":[{"width":900,"height":900,"url":"https:\/\/popup-podcast.be\/wp-content\/uploads\/2025\/05\/ddd.png","type":"image\/png"}],"twitter_card":"summary_large_image","twitter_misc":{"Dur\u00e9e de lecture estim\u00e9e":"1 minute"},"schema":{"@context":"https:\/\/schema.org","@graph":[{"@type":"WebPage","@id":"https:\/\/popup-podcast.be\/index.php\/produit\/tote-bag-popup\/","url":"https:\/\/popup-podcast.be\/index.php\/produit\/tote-bag-popup\/","name":"Tote bag Pop'Up - Pop&#039;Up","isPartOf":{"@id":"https:\/\/popup-podcast.be\/#website"},"primaryImageOfPage":{"@id":"https:\/\/popup-podcast.be\/index.php\/produit\/tote-bag-popup\/#primaryimage"},"image":{"@id":"https:\/\/popup-podcast.be\/index.php\/produit\/tote-bag-popup\/#primaryimage"},"thumbnailUrl":"https:\/\/popup-podcast.be\/wp-content\/uploads\/2025\/05\/ddd.png","datePublished":"2025-05-24T20:36:10+00:00","dateModified":"2025-05-26T19:24:35+00:00","description":"Tote bag Pop'Up \u2013 Sac pratique, durable et styl\u00e9 pour afficher votre passion pop belge partout.","breadcrumb":{"@id":"https:\/\/popup-podcast.be\/index.php\/produit\/tote-bag-popup\/#breadcrumb"},"inLanguage":"fr-FR","potentialAction":[{"@type":"ReadAction","target":["https:\/\/popup-podcast.be\/index.php\/produit\/tote-bag-popup\/"]}]},{"@type":"ImageObject","inLanguage":"fr-FR","@id":"https:\/\/popup-podcast.be\/index.php\/produit\/tote-bag-popup\/#primaryimage","url":"https:\/\/popup-podcast.be\/wp-content\/uploads\/2025\/05\/ddd.png","contentUrl":"https:\/\/popup-podcast.be\/wp-content\/uploads\/2025\/05\/ddd.png","width":900,"height":900},{"@type":"BreadcrumbList","@id":"https:\/\/popup-podcast.be\/index.php\/produit\/tote-bag-popup\/#breadcrumb","itemListElement":[{"@type":"ListItem","position":1,"name":"Accueil","item":"https:\/\/popup-podcast.be\/"},{"@type":"ListItem","position":2,"name":"Produits","item":"https:\/\/popup-podcast.be\/index.php\/shop\/"},{"@type":"ListItem","position":3,"name":"Tote bag Pop&rsquo;Up"}]},{"@type":"WebSite","@id":"https:\/\/popup-podcast.be\/#website","url":"https:\/\/popup-podcast.be\/","name":"Pop&#039;Up","description":"Le podcast qui explore la sc\u00e8ne pop belge","publisher":{"@id":"https:\/\/popup-podcast.be\/#organization"},"potentialAction":[{"@type":"SearchAction","target":{"@type":"EntryPoint","urlTemplate":"https:\/\/popup-podcast.be\/?s={search_term_string}"},"query-input":{"@type":"PropertyValueSpecification","valueRequired":true,"valueName":"search_term_string"}}],"inLanguage":"fr-FR"},{"@type":"Organization","@id":"https:\/\/popup-podcast.be\/#organization","name":"Pop&#039;Up","url":"https:\/\/popup-podcast.be\/","logo":{"@type":"ImageObject","inLanguage":"fr-FR","@id":"https:\/\/popup-podcast.be\/#\/schema\/logo\/image\/","url":"https:\/\/popup-podcast.be\/wp-content\/uploads\/2025\/05\/Plan-de-travail-108_4-1.png","contentUrl":"https:\/\/popup-podcast.be\/wp-content\/uploads\/2025\/05\/Plan-de-travail-108_4-1.png","width":1080,"height":1080,"caption":"Pop&#039;Up"},"image":{"@id":"https:\/\/popup-podcast.be\/#\/schema\/logo\/image\/"}}]}},"uagb_featured_image_src":{"full":["https:\/\/popup-podcast.be\/wp-content\/uploads\/2025\/05\/ddd.png",900,900,false],"thumbnail":["https:\/\/popup-podcast.be\/wp-content\/uploads\/2025\/05\/ddd-150x150.png",150,150,true],"medium":["https:\/\/popup-podcast.be\/wp-content\/uploads\/2025\/05\/ddd-300x300.png",300,300,true],"medium_large":["https:\/\/popup-podcast.be\/wp-content\/uploads\/2025\/05\/ddd-768x768.png",768,768,true],"large":["https:\/\/popup-podcast.be\/wp-content\/uploads\/2025\/05\/ddd.png",800,800,false],"1536x1536":["https:\/\/popup-podcast.be\/wp-content\/uploads\/2025\/05\/ddd.png",900,900,false],"2048x2048":["https:\/\/popup-podcast.be\/wp-content\/uploads\/2025\/05\/ddd.png",900,900,false],"woocommerce_thumbnail":["https:\/\/popup-podcast.be\/wp-content\/uploads\/2025\/05\/ddd-300x300.png",300,300,true],"woocommerce_single":["https:\/\/popup-podcast.be\/wp-content\/uploads\/2025\/05\/ddd-600x600.png",600,600,true],"woocommerce_gallery_thumbnail":["https:\/\/popup-podcast.be\/wp-content\/uploads\/2025\/05\/ddd-100x100.png",100,100,true]},"uagb_author_info":{"display_name":"admin9021","author_link":"https:\/\/popup-podcast.be\/index.php\/author\/"},"uagb_comment_info":0,"uagb_excerpt":"Ajoutez une touche pratique et tendance \u00e0 votre quotidien avec le tote bag Pop'Up, \u00e0 l'effigie du podcast qui c\u00e9l\u00e8bre la sc\u00e8ne pop belge ! Ce sac \u00e9cologique et styl\u00e9, orn\u00e9 du logo Pop'Up, est parfait pour transporter vos essentiels avec \u00e9l\u00e9gance. Id\u00e9al pour vos sorties, vos courses ou pour afficher fi\u00e8rement votre amour pour\u2026","_links":{"self":[{"href":"https:\/\/popup-podcast.be\/index.php\/wp-json\/wp\/v2\/product\/514","targetHints":{"allow":["GET"]}}],"collection":[{"href":"https:\/\/popup-podcast.be\/index.php\/wp-json\/wp\/v2\/product"}],"about":[{"href":"https:\/\/popup-podcast.be\/index.php\/wp-json\/wp\/v2\/types\/product"}],"wp:featuredmedia":[{"embeddable":true,"href":"https:\/\/popup-podcast.be\/index.php\/wp-json\/wp\/v2\/media\/530"}],"wp:attachment":[{"href":"https:\/\/popup-podcast.be\/index.php\/wp-json\/wp\/v2\/media?parent=514"}],"wp:term":[{"taxonomy":"product_brand","embeddable":true,"href":"https:\/\/popup-podcast.be\/index.php\/wp-json\/wp\/v2\/product_brand?post=514"},{"taxonomy":"product_cat","embeddable":true,"href":"https:\/\/popup-podcast.be\/index.php\/wp-json\/wp\/v2\/product_cat?post=514"},{"taxonomy":"product_tag","embeddable":true,"href":"https:\/\/popup-podcast.be\/index.php\/wp-json\/wp\/v2\/product_tag?post=514"}],"curies":[{"name":"wp","href":"https:\/\/api.w.org\/{rel}","templated":true}]}}